{"id":8001,"date":"2017-01-03T19:55:10","date_gmt":"2017-01-03T17:55:10","guid":{"rendered":"http:\/\/vereinigung-professioneller-kinderfotografen.de\/blog2\/?page_id=8001"},"modified":"2017-01-03T19:55:10","modified_gmt":"2017-01-03T17:55:10","slug":"34516-voehl-herzhausen-eva-maria-schmidt","status":"publish","type":"page","link":"https:\/\/vereinigung-professioneller-kinderfotografen.de\/blog2\/34516-voehl-herzhausen-eva-maria-schmidt\/","title":{"rendered":"34516 V\u00f6hl-Herzhausen | Eva-Maria Schmidt"},"content":{"rendered":"<h3 style=\"text-align: center;\"><img decoding=\"async\" id=\"pp-slideshow-1483466054\" class=\"pp-slideshow-placeholder pp-gallery-placeholder slideshow-1483466054 mceItem\" style=\"display: none;\" src=\"http:\/\/vereinigung-professioneller-kinderfotografen.de\/blog2\/wp-content\/uploads\/pp\/placeholders\/slideshow-placeholder-1483466054.jpg\" \/><\/h3>\n<p style=\"text-align: left;\"><img decoding=\"async\" loading=\"lazy\" class=\"wp-image-56 alignleft\" title=\"doreen\" src=\"http:\/\/vereinigung-professioneller-kinderfotografen.de\/blog2\/wp-content\/uploads\/2017\/01\/Profilfoto.jpg\" alt=\"\" width=\"180\" height=\"180\" \/><\/p>\n<p style=\"text-align: left;\"><strong>Eva-Maria Schmidt<\/strong><\/p>\n<p>Am Frankenberg 12<br \/>\n34516 V\u00f6hl-Herzhausen<br \/>\nMobile: 49 (0) 178 297 90\u00a080<br \/>\nE-Mail: info@evamariaschmidt.de<\/p>\n<p style=\"text-align: left;\"><strong><span style=\"color: #000000;\"><a href=\"http:\/\/www.evamariaschmidt.de\" target=\"_blank\"><span style=\"color: #000000;\">www.evamariaschmidt.de<\/span><\/a><\/span><\/strong><\/p>\n<p style=\"text-align: justify;\">&#8222;Zauberaugenblicke einfangen! Das ist es, was sich Eva-Maria Schmidt als oberstes Ziel gesetzt hat. Die richtigen Momente erkennen und f\u00fcr immer festhalten.<br \/>\nUnd das Leben bietet immer wieder Augenblicke, die es ganz besonders wert sind. Um sie zu verschenken, immer wieder hervorzuholen und zusammen zu lachen: Wei\u00dft Du noch?<\/p>\n<p>Da gibt es die Entscheidung, den Rest des Lebens miteinander zu verbringen und zu heiraten. Dann m\u00f6chte man eine Familie gr\u00fcnden und sich an die au\u00dfergew\u00f6hnliche Zeit des Wartens auf das Wunder des Lebens erinnern. Und dann die kleinen gro\u00dfen Sch\u00e4tze mit all ihren perfekten Details gefolgt von der Phase des Heranwachsens. Diese Zeit fliegt oft viel zu schnell vorbei!<br \/>\nHerzensbilder von ihr k\u00f6nnen alle diese Lebensabschnitte bewahren! Sie bietet Euch an, Euch auf Eurem Lebensweg zu begleiten und freut sich auf Euch!<\/p>\n<p>Die lebensfrohe Fotografin lebt mit ihrem Mann und ihren zwei kleinen Kindern in Nordhessen am Edersee. Dort im Nationalpark bieten sich wundersch\u00f6ne Naturaufnahmen an. Im Laufe des Jahres wird sie auch ihr eigenes Tageslichtatelier er\u00f6ffnen, um dort ganz individuelle Zauberbilder von Euch entstehen zu lassen.&#8220;<\/p>\n<h3><span style=\"color: #808080;\">mehr Fotos von Eva-Maria Schmidt\u00a0k\u00f6nnen Sie\u00a0<span style=\"color: #000000;\"><em><strong><a href=\"http:\/\/vereinigung-professioneller-kinderfotografen.de\/blog2\/category\/blog\/eva-maria-schmidt\/\"><span style=\"color: #000000;\">hier<\/span><\/a><\/strong>\u00a0<\/em><\/span>sehen<\/span><\/h3>\n","protected":false},"excerpt":{"rendered":"<p>Eva-Maria Schmidt Am Frankenberg 12 34516 V\u00f6hl-Herzhausen Mobile: 49 (0) 178 297 90\u00a080 E-Mail: info@evamariaschmidt.de www.evamariaschmidt.de &#8222;Zauberaugenblicke einfangen! Das ist es, was sich Eva-Maria Schmidt als oberstes Ziel gesetzt hat. Die richtigen Momente erkennen und f\u00fcr immer festhalten. Und das Leben bietet immer wieder Augenblicke, die es ganz besonders wert sind. Um sie zu verschenken,...<\/p>\n","protected":false},"author":1,"featured_media":8010,"parent":0,"menu_order":0,"comment_status":"closed","ping_status":"closed","template":"","meta":{"pp_embeds":""},"acf":[],"_links":{"self":[{"href":"https:\/\/vereinigung-professioneller-kinderfotografen.de\/blog2\/wp-json\/wp\/v2\/pages\/8001"}],"collection":[{"href":"https:\/\/vereinigung-professioneller-kinderfotografen.de\/blog2\/wp-json\/wp\/v2\/pages"}],"about":[{"href":"https:\/\/vereinigung-professioneller-kinderfotografen.de\/blog2\/wp-json\/wp\/v2\/types\/page"}],"author":[{"embeddable":true,"href":"https:\/\/vereinigung-professioneller-kinderfotografen.de\/blog2\/wp-json\/wp\/v2\/users\/1"}],"replies":[{"embeddable":true,"href":"https:\/\/vereinigung-professioneller-kinderfotografen.de\/blog2\/wp-json\/wp\/v2\/comments?post=8001"}],"version-history":[{"count":1,"href":"https:\/\/vereinigung-professioneller-kinderfotografen.de\/blog2\/wp-json\/wp\/v2\/pages\/8001\/revisions"}],"predecessor-version":[{"id":8018,"href":"https:\/\/vereinigung-professioneller-kinderfotografen.de\/blog2\/wp-json\/wp\/v2\/pages\/8001\/revisions\/8018"}],"wp:featuredmedia":[{"embeddable":true,"href":"https:\/\/vereinigung-professioneller-kinderfotografen.de\/blog2\/wp-json\/wp\/v2\/media\/8010"}],"wp:attachment":[{"href":"https:\/\/vereinigung-professioneller-kinderfotografen.de\/blog2\/wp-json\/wp\/v2\/media?parent=8001"}],"curies":[{"name":"wp","href":"https:\/\/api.w.org\/{rel}","templated":true}]}}