{"id":6189,"date":"2016-01-26T18:47:09","date_gmt":"2016-01-26T16:47:09","guid":{"rendered":"http:\/\/vereinigung-professioneller-kinderfotografen.de\/blog2\/?page_id=6189"},"modified":"2020-01-27T21:45:07","modified_gmt":"2020-01-27T19:45:07","slug":"9320-arbon-corinne-chollet","status":"publish","type":"page","link":"https:\/\/vereinigung-professioneller-kinderfotografen.de\/blog2\/9320-arbon-corinne-chollet\/","title":{"rendered":"9320 Arbon | Corinne Chollet"},"content":{"rendered":"<h3 style=\"text-align: left;\"><\/h3>\n<h3 style=\"text-align: left;\"><img decoding=\"async\" id=\"pp-slideshow-1453826640\" class=\"pp-slideshow-placeholder pp-gallery-placeholder slideshow-1453826640 mceItem\" style=\"display: none;\" src=\"https:\/\/vereinigung-professioneller-kinderfotografen.de\/blog2\/wp-content\/uploads\/pp\/placeholders\/slideshow-placeholder-1453826640.jpg\" \/><\/h3>\n<p style=\"text-align: left;\"><img decoding=\"async\" loading=\"lazy\" class=\"wp-image-56 alignleft\" title=\"doreen\" src=\"http:\/\/vereinigung-professioneller-kinderfotografen.de\/blog2\/wp-content\/uploads\/2016\/01\/17-6189-page\/Corinne.jpg\" alt=\"\" width=\"180\" height=\"180\" \/><\/p>\n<p style=\"text-align: left;\"><strong>Corinne Chollet<\/strong><\/p>\n<p>Stickereistrasse 4<br \/>\n9320 Arbon<br \/>\nMobile: +41 75 421 68 44<br \/>\nE-Mail: info@corinnechollet.ch<\/p>\n<p style=\"text-align: left;\"><strong><span style=\"color: #000000;\"><a href=\"http:\/\/www.corinnechollet.ch\" target=\"_blank\" rel=\"noopener\"><span style=\"color: #000000;\">www.corinnechollet.ch<\/span><\/a><\/span><\/strong><\/p>\n<p style=\"text-align: justify;\">Nat\u00fcrlich, Sanft und Gef\u00fchlvoll &#8211; so wird die Art von fotografieren von Corinne Chollet beschrieben.<br \/>\nDie Fotografin aus der Ostschweiz hat sich auf das festhalten von den besondere Momente der werdende Mama, der Neugeborene-Zeit und der Kindheit spezialisiert und liebt die Einzigartigkeit und Echtheit diese Momente. Es ist ihr wichtig die Pers\u00f6nlichkeit und die Individualit\u00e4t auf Bilder festzuhalten.<br \/>\nWeil das Charakter auf jedem Bild zu sehen sein soll, sind weder Requisiten, noch knalligen Farben n\u00f6tig. Ert\u00f6ne, Natur-Materialen, Weiss, Creme, Beige &#8211; so f\u00fchlt man sich im Atelier von Corinne Chollet wohl. In diesen kleinen Ort der Gem\u00fctlichkeit gef\u00fcllt mit nat\u00fcrlichem Licht werden mehrheitlich Schwangerschafts- und Neugeborene Aufnahmen gemacht.<br \/>\nMit den gr\u00f6ssere Kinder und ihre Familie geht sie am liebsten in der freie Natur und lass sich von der Umgebung inspirieren, nat\u00fcrlich am liebsten bei &#8222;Ihren&#8220; Bodensee der ganz in der N\u00e4he ist &#8211; Im freien f\u00fchlen sie die Kinder wohl und unbeobachtet, diese Momente sind magisch.<\/p>\n<h3><span style=\"color: #808080;\">mehr Fotos von Corinne Chollet\u00a0k\u00f6nnen Sie\u00a0<span style=\"color: #000000;\"><em><strong><a href=\"http:\/\/vereinigung-professioneller-kinderfotografen.de\/blog2\/category\/blog\/corinne-chollet\/\"><span style=\"color: #000000;\">hier<\/span><\/a><\/strong>\u00a0<\/em><\/span>sehen<\/span><\/h3>\n","protected":false},"excerpt":{"rendered":"<p>Corinne Chollet Stickereistrasse 4 9320 Arbon Mobile: +41 75 421 68 44 E-Mail: info@corinnechollet.ch www.corinnechollet.ch Nat\u00fcrlich, Sanft und Gef\u00fchlvoll &#8211; so wird die Art von fotografieren von Corinne Chollet beschrieben. Die Fotografin aus der Ostschweiz hat sich auf das festhalten von den besondere Momente der werdende Mama, der Neugeborene-Zeit und der Kindheit spezialisiert und liebt...<\/p>\n","protected":false},"author":1,"featured_media":10240,"parent":0,"menu_order":0,"comment_status":"closed","ping_status":"closed","template":"","meta":{"pp_embeds":""},"acf":[],"_links":{"self":[{"href":"https:\/\/vereinigung-professioneller-kinderfotografen.de\/blog2\/wp-json\/wp\/v2\/pages\/6189"}],"collection":[{"href":"https:\/\/vereinigung-professioneller-kinderfotografen.de\/blog2\/wp-json\/wp\/v2\/pages"}],"about":[{"href":"https:\/\/vereinigung-professioneller-kinderfotografen.de\/blog2\/wp-json\/wp\/v2\/types\/page"}],"author":[{"embeddable":true,"href":"https:\/\/vereinigung-professioneller-kinderfotografen.de\/blog2\/wp-json\/wp\/v2\/users\/1"}],"replies":[{"embeddable":true,"href":"https:\/\/vereinigung-professioneller-kinderfotografen.de\/blog2\/wp-json\/wp\/v2\/comments?post=6189"}],"version-history":[{"count":6,"href":"https:\/\/vereinigung-professioneller-kinderfotografen.de\/blog2\/wp-json\/wp\/v2\/pages\/6189\/revisions"}],"predecessor-version":[{"id":15380,"href":"https:\/\/vereinigung-professioneller-kinderfotografen.de\/blog2\/wp-json\/wp\/v2\/pages\/6189\/revisions\/15380"}],"wp:featuredmedia":[{"embeddable":true,"href":"https:\/\/vereinigung-professioneller-kinderfotografen.de\/blog2\/wp-json\/wp\/v2\/media\/10240"}],"wp:attachment":[{"href":"https:\/\/vereinigung-professioneller-kinderfotografen.de\/blog2\/wp-json\/wp\/v2\/media?parent=6189"}],"curies":[{"name":"wp","href":"https:\/\/api.w.org\/{rel}","templated":true}]}}