{"id":5038,"date":"2015-01-05T00:19:32","date_gmt":"2015-01-04T22:19:32","guid":{"rendered":"http:\/\/vereinigung-professioneller-kinderfotografen.de\/blog2\/?page_id=5038"},"modified":"2021-02-13T14:53:28","modified_gmt":"2021-02-13T12:53:28","slug":"96138-burgebrach-peggy-pfotenhauer","status":"publish","type":"page","link":"https:\/\/vereinigung-professioneller-kinderfotografen.de\/blog2\/96138-burgebrach-peggy-pfotenhauer\/","title":{"rendered":"96138 Burgebrach | Peggy Pfotenhauer"},"content":{"rendered":"<h3 style=\"text-align: left;\"><img decoding=\"async\" id=\"pp-slideshow-1420409879\" class=\"pp-slideshow-placeholder pp-gallery-placeholder slideshow-1420409879 mceItem\" style=\"display: none;\" src=\"http:\/\/vereinigung-professioneller-kinderfotografen.de\/blog2\/wp-content\/uploads\/pp\/placeholders\/slideshow-placeholder-1420409879.jpg\" alt=\"\" \/><\/h3>\n<h3 style=\"text-align: left;\"><\/h3>\n<p style=\"text-align: left;\"><img decoding=\"async\" loading=\"lazy\" class=\"wp-image-56 alignleft\" title=\"doreen\" src=\"http:\/\/vereinigung-professioneller-kinderfotografen.de\/blog2\/wp-content\/uploads\/2015\/01\/MG_8284_1bw1.jpg\" alt=\"\" width=\"180\" height=\"180\" \/><\/p>\n<p style=\"text-align: left;\"><strong>Peggy Pfotenhauer<\/strong><\/p>\n<p>Grasmannsdorfer Stra\u00dfe 34<br \/>\n96138 Burgebrach<br \/>\nTelefon: 49 (0)\u00a09546 34 20 22<br \/>\nE-Mail:\u00a0info@peggypfotenhauer.de<\/p>\n<p style=\"text-align: left;\"><a href=\"http:\/\/www.peggypfotenhauer.de\" target=\"_blank\" rel=\"noopener\"><span style=\"color: #000000;\">www.peggypfotenhauer.de<\/span><\/a><\/p>\n<div style=\"text-align: justify;\">Peggy Pfotenhauer lebt mit ihrem Mann und ihren zwei kleinen Kindern bei Bamberg in Oberfranken. Im Jahr 2011 hat sie ihre gr\u00f6\u00dfte Leidenschaft zu ihrem Beruf gemacht und empf\u00e4ngt nun jede Woche klitzekleine und gr\u00f6\u00dfere G\u00e4ste in ihrem gem\u00fctlichen, speziell auf die Bed\u00fcrfnisse der Allerkleinsten ausgerichteten, Tageslichtstudio. Und sie k\u00f6nnte sich nichts Sch\u00f6neres mehr vorstellen.<\/div>\n<div style=\"text-align: justify;\"><\/div>\n<div style=\"text-align: justify;\">Peggy hat sich auf die Fotografie von Neugeborenen spezialisiert und ist immer wieder aufs Neue fasziniert von diesen kleinen Wesen, ihren kleinen zarten Fingerchen, ihren kleinen Gesichtchen. Sie erinnert sich noch an die ersten Tage ihrer eigenen Kinder zur\u00fcck. Stundenlang h\u00e4tte sie sie einfach nur beobachten k\u00f6nnen. Und da all dies so schnell vor\u00fcber geht, ist es so wichtig, diese ersten Momente f\u00fcr die Ewigkeit festzuhalten.<\/div>\n<div style=\"text-align: justify;\"><\/div>\n<div style=\"text-align: justify;\">Gr\u00f6\u00dfere Babys und Kinder fotografiert Peggy am liebsten in der freien Natur. Sie liebt nat\u00fcrliche, ungezwungene Kinderbilder, die auch viel Pers\u00f6nlichkeit zeigen und fotografiert Kinder beim Spielen, ausgelassen tobend, beim Eis essen &#8211; einfach bei allem, was Kindern Spa\u00df macht.<\/div>\n<div style=\"text-align: justify;\">Eltern sind dabei immer wieder begeistert von der Geduld, die Peggy im Umgang mit den Kleinen zeigt und freuen sich \u00fcber ganz zauberhafte Erinnerungen an eine wunderbare Zeit.<\/div>\n<h3><span style=\"color: #808080;\">mehr Fotos von Peggy Pfotenhauer\u00a0k\u00f6nnen Sie\u00a0<span style=\"color: #000000;\"><em><strong><a href=\"http:\/\/vereinigung-professioneller-kinderfotografen.de\/blog2\/category\/blog\/peggy-pfotenhauer\/\"><span style=\"color: #000000;\">hier<\/span><\/a><\/strong>\u00a0<\/em><\/span>sehen<\/span><\/h3>\n","protected":false},"excerpt":{"rendered":"<p>Peggy Pfotenhauer Grasmannsdorfer Stra\u00dfe 34 96138 Burgebrach Telefon: 49 (0)\u00a09546 34 20 22 E-Mail:\u00a0info@peggypfotenhauer.de www.peggypfotenhauer.de Peggy Pfotenhauer lebt mit ihrem Mann und ihren zwei kleinen Kindern bei Bamberg in Oberfranken. Im Jahr 2011 hat sie ihre gr\u00f6\u00dfte Leidenschaft zu ihrem Beruf gemacht und empf\u00e4ngt nun jede Woche klitzekleine und gr\u00f6\u00dfere G\u00e4ste in ihrem gem\u00fctlichen, speziell...<\/p>\n","protected":false},"author":1,"featured_media":5040,"parent":0,"menu_order":0,"comment_status":"closed","ping_status":"closed","template":"","meta":{"pp_embeds":""},"acf":[],"_links":{"self":[{"href":"https:\/\/vereinigung-professioneller-kinderfotografen.de\/blog2\/wp-json\/wp\/v2\/pages\/5038"}],"collection":[{"href":"https:\/\/vereinigung-professioneller-kinderfotografen.de\/blog2\/wp-json\/wp\/v2\/pages"}],"about":[{"href":"https:\/\/vereinigung-professioneller-kinderfotografen.de\/blog2\/wp-json\/wp\/v2\/types\/page"}],"author":[{"embeddable":true,"href":"https:\/\/vereinigung-professioneller-kinderfotografen.de\/blog2\/wp-json\/wp\/v2\/users\/1"}],"replies":[{"embeddable":true,"href":"https:\/\/vereinigung-professioneller-kinderfotografen.de\/blog2\/wp-json\/wp\/v2\/comments?post=5038"}],"version-history":[{"count":5,"href":"https:\/\/vereinigung-professioneller-kinderfotografen.de\/blog2\/wp-json\/wp\/v2\/pages\/5038\/revisions"}],"predecessor-version":[{"id":16516,"href":"https:\/\/vereinigung-professioneller-kinderfotografen.de\/blog2\/wp-json\/wp\/v2\/pages\/5038\/revisions\/16516"}],"wp:featuredmedia":[{"embeddable":true,"href":"https:\/\/vereinigung-professioneller-kinderfotografen.de\/blog2\/wp-json\/wp\/v2\/media\/5040"}],"wp:attachment":[{"href":"https:\/\/vereinigung-professioneller-kinderfotografen.de\/blog2\/wp-json\/wp\/v2\/media?parent=5038"}],"curies":[{"name":"wp","href":"https:\/\/api.w.org\/{rel}","templated":true}]}}