{"id":4279,"date":"2014-05-15T11:28:54","date_gmt":"2014-05-15T09:28:54","guid":{"rendered":"http:\/\/vereinigung-professioneller-kinderfotografen.de\/blog2\/?page_id=4279"},"modified":"2021-02-15T16:26:42","modified_gmt":"2021-02-15T14:26:42","slug":"plz-9","status":"publish","type":"page","link":"https:\/\/vereinigung-professioneller-kinderfotografen.de\/blog2\/plz-9\/","title":{"rendered":"PLZ-Bereich 9"},"content":{"rendered":"<p style=\"text-align: justify;\">Vor allem die ersten Babyfotos des eigenen Kindes sollen etwas ganz Besonderes sein, ebenso einzigartig, wie der kleine Mensch, den sie zeigen. Die Neugeborenenfotografie bietet verschiedene M\u00f6glichkeiten, ganz individuelle und einmalige Aufnahmen von Ihrem Baby zu machen. Mit wundersch\u00f6nen Hintergr\u00fcnden und zauberhaften Accessoires werden aus den ersten Bildern Ihres kleinen Schatzes einzigartige Aufnahmen, an denen Sie sich ein Leben lang erfreuen k\u00f6nnen.<\/p>\n<p style=\"text-align: justify;\">Auch bei der Babyfotografie beweisen die Fotografen aus N\u00fcrnberg immer wieder aufs Neue, dass weder ihrer Kreativit\u00e4t noch ihrer Liebe zu Kindern Grenzen gesetzt sind. So entstehen in jedem Babyfotoshooting immer wieder einmalige Momentaufnahmen, die Sie und Ihr Kind ein Leben lang begleiten werden!<\/p>\n<p style=\"text-align: justify;\">Bei der Kinderfotografie wird der Spa\u00df gro\u00dfgeschrieben! Dabei ist es egal, ob es sich um ein Outdoor-Shooting handelt oder ob die Aufnahmen bei Ihnen Zuhause oder im Foto-Studio gemacht werden. Die Babyfotografen und Kinderfotografen aus N\u00fcrnberg sind stets darum bem\u00fcht, das einzigartige Wesen Ihres Kindes in den verschiedenen Aufnahmen einzufangen.<\/p>\n<p><img decoding=\"async\" id=\"pp-grid-article_1400146116\" class=\"pp-grid-placeholder pp-grid-type-selected_articles\" style=\"display: none;\" src=\"http:\/\/prophoto.s3.amazonaws.com\/img\/pp-grid-placeholder-selected_articles.jpg\" alt=\"\" \/><\/p>\n","protected":false},"excerpt":{"rendered":"<p>Vor allem die ersten Babyfotos des eigenen Kindes sollen etwas ganz Besonderes sein, ebenso einzigartig, wie der kleine Mensch, den sie zeigen. Die Neugeborenenfotografie bietet verschiedene M\u00f6glichkeiten, ganz individuelle und einmalige Aufnahmen von Ihrem Baby zu machen. Mit wundersch\u00f6nen Hintergr\u00fcnden und zauberhaften Accessoires werden aus den ersten Bildern Ihres kleinen Schatzes einzigartige Aufnahmen, an denen...<\/p>\n","protected":false},"author":1,"featured_media":0,"parent":0,"menu_order":0,"comment_status":"closed","ping_status":"closed","template":"","meta":{"pp_embeds":""},"acf":[],"_links":{"self":[{"href":"https:\/\/vereinigung-professioneller-kinderfotografen.de\/blog2\/wp-json\/wp\/v2\/pages\/4279"}],"collection":[{"href":"https:\/\/vereinigung-professioneller-kinderfotografen.de\/blog2\/wp-json\/wp\/v2\/pages"}],"about":[{"href":"https:\/\/vereinigung-professioneller-kinderfotografen.de\/blog2\/wp-json\/wp\/v2\/types\/page"}],"author":[{"embeddable":true,"href":"https:\/\/vereinigung-professioneller-kinderfotografen.de\/blog2\/wp-json\/wp\/v2\/users\/1"}],"replies":[{"embeddable":true,"href":"https:\/\/vereinigung-professioneller-kinderfotografen.de\/blog2\/wp-json\/wp\/v2\/comments?post=4279"}],"version-history":[{"count":4,"href":"https:\/\/vereinigung-professioneller-kinderfotografen.de\/blog2\/wp-json\/wp\/v2\/pages\/4279\/revisions"}],"predecessor-version":[{"id":16576,"href":"https:\/\/vereinigung-professioneller-kinderfotografen.de\/blog2\/wp-json\/wp\/v2\/pages\/4279\/revisions\/16576"}],"wp:attachment":[{"href":"https:\/\/vereinigung-professioneller-kinderfotografen.de\/blog2\/wp-json\/wp\/v2\/media?parent=4279"}],"curies":[{"name":"wp","href":"https:\/\/api.w.org\/{rel}","templated":true}]}}