{"id":4277,"date":"2014-05-15T11:28:20","date_gmt":"2014-05-15T09:28:20","guid":{"rendered":"http:\/\/vereinigung-professioneller-kinderfotografen.de\/blog2\/?page_id=4277"},"modified":"2021-02-15T16:26:32","modified_gmt":"2021-02-15T14:26:32","slug":"babyfotos-muenchen-kinderfotos","status":"publish","type":"page","link":"https:\/\/vereinigung-professioneller-kinderfotografen.de\/blog2\/babyfotos-muenchen-kinderfotos\/","title":{"rendered":"PLZ-Bereich 8"},"content":{"rendered":"<p style=\"text-align: justify;\">Die Geburt eines Babys ist das wahre Gl\u00fcck! F\u00fcr unsere professionellen Babyfotografen aus M\u00fcnchen sowie aus Mengkofen, Erding, Rosenheim\u00a0und A\u00dfling Grund genug bei der Neugeborenenfotografie einmalige unvergessliche Momente einzufangen, an denen die ganze Familie auch nach Jahren noch ihre Freude haben wird! \u00dcbrigens sind die Neugeborenenfotos auch ein wunderbares Geschenk f\u00fcr alle frisch gebackenen Gro\u00dfeltern, Tanten, Onkel und die \u00fcbrige Familie.<\/p>\n<p style=\"text-align: justify;\">Ob als kleiner Engel, als Nachwuchskicker oder ganz nat\u00fcrlich, ihren eigentlichen Charme erhalten die Babyfotos bei der Babyfotografie durch die Modelle! Nat\u00fcrlich, ehrlich und unverf\u00e4lscht zeigen die Bilder eines Babyfotoshootings wundervolle Augenblicke oder auch \u00fcberraschende Gef\u00fchlsausbr\u00fcche der Kleinen. Um solche Momente in Bilder festhalten zu k\u00f6nnen, bedarf es schon dem Besuchen eines professionellen Kinderfotografen. Die Fotografen aus M\u00fcnchen, Mengkofen, Erding und A\u00dfling die der Vereinigung professioneller Kinderfotografen angeh\u00f6ren, sind besonders erfahren und in der Lage, Ihnen unvergleichliche Kinder- und Babyfotos zu erstellen.<\/p>\n<p style=\"text-align: justify;\">Alle Kinderfotografen aus Mengkofen, Erding, A\u00dfling und M\u00fcnchen sind bei der Kinderfotografie nicht nur kreativ, sondern auch absolut flexibel. Das ist Voraussetzung f\u00fcr die Aufnahme in unseren Verein! Ihren W\u00fcnschen entsprechend kann ein Shooting im Studio, bei Ihnen zu Hause oder aber auch an einen \u00f6ffentlichen Ort stattfinden. So entstehen wunderbare Momentaufnahmen, wie aus dem Leben gegriffen.<\/p>\n<p>&nbsp;<\/p>\n<p>&nbsp;<\/p>\n<p><img decoding=\"async\" id=\"pp-grid-article_1400146031\" class=\"pp-grid-placeholder pp-grid-type-selected_articles\" style=\"display: none;\" src=\"http:\/\/prophoto.s3.amazonaws.com\/img\/pp-grid-placeholder-selected_articles.jpg\" alt=\"\" \/><\/p>\n","protected":false},"excerpt":{"rendered":"<p>Die Geburt eines Babys ist das wahre Gl\u00fcck! F\u00fcr unsere professionellen Babyfotografen aus M\u00fcnchen sowie aus Mengkofen, Erding, Rosenheim\u00a0und A\u00dfling Grund genug bei der Neugeborenenfotografie einmalige unvergessliche Momente einzufangen, an denen die ganze Familie auch nach Jahren noch ihre Freude haben wird! \u00dcbrigens sind die Neugeborenenfotos auch ein wunderbares Geschenk f\u00fcr alle frisch gebackenen Gro\u00dfeltern,...<\/p>\n","protected":false},"author":1,"featured_media":0,"parent":0,"menu_order":0,"comment_status":"closed","ping_status":"closed","template":"","meta":{"pp_embeds":""},"acf":[],"_links":{"self":[{"href":"https:\/\/vereinigung-professioneller-kinderfotografen.de\/blog2\/wp-json\/wp\/v2\/pages\/4277"}],"collection":[{"href":"https:\/\/vereinigung-professioneller-kinderfotografen.de\/blog2\/wp-json\/wp\/v2\/pages"}],"about":[{"href":"https:\/\/vereinigung-professioneller-kinderfotografen.de\/blog2\/wp-json\/wp\/v2\/types\/page"}],"author":[{"embeddable":true,"href":"https:\/\/vereinigung-professioneller-kinderfotografen.de\/blog2\/wp-json\/wp\/v2\/users\/1"}],"replies":[{"embeddable":true,"href":"https:\/\/vereinigung-professioneller-kinderfotografen.de\/blog2\/wp-json\/wp\/v2\/comments?post=4277"}],"version-history":[{"count":7,"href":"https:\/\/vereinigung-professioneller-kinderfotografen.de\/blog2\/wp-json\/wp\/v2\/pages\/4277\/revisions"}],"predecessor-version":[{"id":16575,"href":"https:\/\/vereinigung-professioneller-kinderfotografen.de\/blog2\/wp-json\/wp\/v2\/pages\/4277\/revisions\/16575"}],"wp:attachment":[{"href":"https:\/\/vereinigung-professioneller-kinderfotografen.de\/blog2\/wp-json\/wp\/v2\/media?parent=4277"}],"curies":[{"name":"wp","href":"https:\/\/api.w.org\/{rel}","templated":true}]}}