{"id":4275,"date":"2014-05-15T11:26:53","date_gmt":"2014-05-15T09:26:53","guid":{"rendered":"http:\/\/vereinigung-professioneller-kinderfotografen.de\/blog2\/?page_id=4275"},"modified":"2022-01-14T15:01:27","modified_gmt":"2022-01-14T13:01:27","slug":"kinderfotos-babyfotos-konstanz-stuttgart","status":"publish","type":"page","link":"https:\/\/vereinigung-professioneller-kinderfotografen.de\/blog2\/kinderfotos-babyfotos-konstanz-stuttgart\/","title":{"rendered":"PLZ-Bereich 7"},"content":{"rendered":"<p style=\"text-align: justify;\">Ein schlafender Engel oder ein schlummernder kleiner Teufel? Die Neugeborenenfotografie bietet eine Vielzahl von M\u00f6glichkeiten, die jedes Fotoshooting einzigartig werden lassen. Gerade in den ersten zwei Wochen nach der Geburt ver\u00e4ndern sich die Kleinen sehr schnell, der beste Moment also die Ver\u00e4nderungen festzuhalten und einen Babyfotografen f\u00fcr ein individuelles Neugeborenenfotoshooting aufzusuchen.<\/p>\n<p style=\"text-align: justify;\">Die Fotografen im PLZ-Bereich 7 in Eggenstein, Stockach und Umgebung schaffen es immer wieder, mit ihrer Kreativit\u00e4t und ihrer entspannten Art, aus jedem Babyshooting etwas ganz Besonderes zu machen. Sie werden staunen, welche Star-Qualit\u00e4ten bereits jetzt in Ihrem Nachwuchs schlummern!<\/p>\n<p style=\"text-align: justify;\">W\u00e4hrend die typischen Kinderfotoshootings im Kindergarten und der Schule f\u00fcr eine regelm\u00e4\u00dfige Erinnerung an einen Lebensabschnitt sorgen, zeigen die Fotos der Kinderfotografen aus Eggenstein, Stockach und Umgebung individuelle Momentaufnahmen. So individuell und einzigartig wie Ihr Kind!<\/p>\n<p>&nbsp;<\/p>\n<p><img decoding=\"async\" id=\"pp-grid-article_1400145913\" class=\"pp-grid-placeholder pp-grid-type-selected_articles\" style=\"display: none;\" src=\"http:\/\/prophoto.s3.amazonaws.com\/img\/pp-grid-placeholder-selected_articles.jpg\" alt=\"\" \/><\/p>\n","protected":false},"excerpt":{"rendered":"<p>Ein schlafender Engel oder ein schlummernder kleiner Teufel? Die Neugeborenenfotografie bietet eine Vielzahl von M\u00f6glichkeiten, die jedes Fotoshooting einzigartig werden lassen. Gerade in den ersten zwei Wochen nach der Geburt ver\u00e4ndern sich die Kleinen sehr schnell, der beste Moment also die Ver\u00e4nderungen festzuhalten und einen Babyfotografen f\u00fcr ein individuelles Neugeborenenfotoshooting aufzusuchen. Die Fotografen im PLZ-Bereich...<\/p>\n","protected":false},"author":1,"featured_media":0,"parent":0,"menu_order":0,"comment_status":"closed","ping_status":"closed","template":"","meta":{"pp_embeds":""},"acf":[],"_links":{"self":[{"href":"https:\/\/vereinigung-professioneller-kinderfotografen.de\/blog2\/wp-json\/wp\/v2\/pages\/4275"}],"collection":[{"href":"https:\/\/vereinigung-professioneller-kinderfotografen.de\/blog2\/wp-json\/wp\/v2\/pages"}],"about":[{"href":"https:\/\/vereinigung-professioneller-kinderfotografen.de\/blog2\/wp-json\/wp\/v2\/types\/page"}],"author":[{"embeddable":true,"href":"https:\/\/vereinigung-professioneller-kinderfotografen.de\/blog2\/wp-json\/wp\/v2\/users\/1"}],"replies":[{"embeddable":true,"href":"https:\/\/vereinigung-professioneller-kinderfotografen.de\/blog2\/wp-json\/wp\/v2\/comments?post=4275"}],"version-history":[{"count":4,"href":"https:\/\/vereinigung-professioneller-kinderfotografen.de\/blog2\/wp-json\/wp\/v2\/pages\/4275\/revisions"}],"predecessor-version":[{"id":16574,"href":"https:\/\/vereinigung-professioneller-kinderfotografen.de\/blog2\/wp-json\/wp\/v2\/pages\/4275\/revisions\/16574"}],"wp:attachment":[{"href":"https:\/\/vereinigung-professioneller-kinderfotografen.de\/blog2\/wp-json\/wp\/v2\/media?parent=4275"}],"curies":[{"name":"wp","href":"https:\/\/api.w.org\/{rel}","templated":true}]}}