{"id":4268,"date":"2014-05-15T11:18:44","date_gmt":"2014-05-15T09:18:44","guid":{"rendered":"http:\/\/vereinigung-professioneller-kinderfotografen.de\/blog2\/?page_id=4268"},"modified":"2021-02-15T16:25:51","modified_gmt":"2021-02-15T14:25:51","slug":"babyfotos-kinderfotos-dortmund-moenchengladbach","status":"publish","type":"page","link":"https:\/\/vereinigung-professioneller-kinderfotografen.de\/blog2\/babyfotos-kinderfotos-dortmund-moenchengladbach\/","title":{"rendered":"PLZ-Bereich 4"},"content":{"rendered":"<p style=\"text-align: justify;\">Klitzeklein und doch dreht sich die Welt von Mama und Papa nur noch um sie! Kein Wunder, dass die ersten Babyfotos eben so einzigartig und vollkommen sein sollen, wie der kleine Mensch selbst. Die Neugeborenenfotografie der Babyfotografen aus Dortmund, M\u00f6nchengladbach und Uedem bietet Ihnen verschiedene M\u00f6glichkeiten f\u00fcr einzigartige Momentaufnahmen.<\/p>\n<p style=\"text-align: justify;\">Mit zauberhaften Hintergr\u00fcnden und liebevollen Details zeigen die Fotografen bei der Babyfotografie, dass ihre Kreativit\u00e4t scheinbar grenzenlos ist. Egal, ob Sie Babyfotos in Uedem, in M\u00f6nchengladbach oder Dortmund w\u00fcnschen, keine Aufnahme wird wie die andere sein, aber eins haben sie alle gemeinsam: Auf jedem Babyfoto ist ein kleines Wunder zu sehen.<\/p>\n<p style=\"text-align: justify;\">Bei der Kinderfotografie erwarten die Fotografen immer wieder neue Herausforderungen. So unterschiedlich wie die Orte, an denen die Fotos gemacht werden, sind auch die kleinen Stars. Immer wieder den Geschmack zu treffen und die Kinder zu begeistern, dieser Aufgabe stellen sich die Fotografen aus Dortmund, M\u00f6nchengladbach oder Uedem gerne!<\/p>\n<p>&nbsp;<\/p>\n<p>&nbsp;<\/p>\n<p><img decoding=\"async\" id=\"pp-grid-article_1400145428\" class=\"pp-grid-placeholder pp-grid-type-selected_articles\" style=\"display: none;\" src=\"http:\/\/prophoto.s3.amazonaws.com\/img\/pp-grid-placeholder-selected_articles.jpg\" alt=\"\" \/><\/p>\n","protected":false},"excerpt":{"rendered":"<p>Klitzeklein und doch dreht sich die Welt von Mama und Papa nur noch um sie! Kein Wunder, dass die ersten Babyfotos eben so einzigartig und vollkommen sein sollen, wie der kleine Mensch selbst. Die Neugeborenenfotografie der Babyfotografen aus Dortmund, M\u00f6nchengladbach und Uedem bietet Ihnen verschiedene M\u00f6glichkeiten f\u00fcr einzigartige Momentaufnahmen. Mit zauberhaften Hintergr\u00fcnden und liebevollen Details...<\/p>\n","protected":false},"author":1,"featured_media":0,"parent":0,"menu_order":0,"comment_status":"closed","ping_status":"closed","template":"","meta":{"pp_embeds":""},"acf":[],"_links":{"self":[{"href":"https:\/\/vereinigung-professioneller-kinderfotografen.de\/blog2\/wp-json\/wp\/v2\/pages\/4268"}],"collection":[{"href":"https:\/\/vereinigung-professioneller-kinderfotografen.de\/blog2\/wp-json\/wp\/v2\/pages"}],"about":[{"href":"https:\/\/vereinigung-professioneller-kinderfotografen.de\/blog2\/wp-json\/wp\/v2\/types\/page"}],"author":[{"embeddable":true,"href":"https:\/\/vereinigung-professioneller-kinderfotografen.de\/blog2\/wp-json\/wp\/v2\/users\/1"}],"replies":[{"embeddable":true,"href":"https:\/\/vereinigung-professioneller-kinderfotografen.de\/blog2\/wp-json\/wp\/v2\/comments?post=4268"}],"version-history":[{"count":4,"href":"https:\/\/vereinigung-professioneller-kinderfotografen.de\/blog2\/wp-json\/wp\/v2\/pages\/4268\/revisions"}],"predecessor-version":[{"id":16571,"href":"https:\/\/vereinigung-professioneller-kinderfotografen.de\/blog2\/wp-json\/wp\/v2\/pages\/4268\/revisions\/16571"}],"wp:attachment":[{"href":"https:\/\/vereinigung-professioneller-kinderfotografen.de\/blog2\/wp-json\/wp\/v2\/media?parent=4268"}],"curies":[{"name":"wp","href":"https:\/\/api.w.org\/{rel}","templated":true}]}}