{"id":4265,"date":"2014-05-15T11:14:33","date_gmt":"2014-05-15T09:14:33","guid":{"rendered":"http:\/\/vereinigung-professioneller-kinderfotografen.de\/blog2\/?page_id=4265"},"modified":"2021-02-15T16:25:42","modified_gmt":"2021-02-15T14:25:42","slug":"kinderfotos-babyfotos-paderborn-hannover-bielefeld","status":"publish","type":"page","link":"https:\/\/vereinigung-professioneller-kinderfotografen.de\/blog2\/kinderfotos-babyfotos-paderborn-hannover-bielefeld\/","title":{"rendered":"PLZ-Bereich 3"},"content":{"rendered":"<p style=\"text-align: justify;\">Von einem Augenblick auf den anderen ver\u00e4ndert sich das ganze Leben auf eine wunderbare Weise. Mit der Neugeborenenfotografie in Paderborn, B\u00fcnde, Hannover, Salzkotten sowie in Bielefeld k\u00f6nnen Sie ein St\u00fcck von diesem Gl\u00fcck f\u00fcr immer festhalten. Winzig klein, trotzdem perfekt und vollkommen und f\u00fcr Mama und Papa einfach das Gr\u00f6\u00dfte! Und da nicht nur Mama und Papa in den ersten Lebenswochen des kleinen Sonnenscheins auf Wolke sieben schweben, k\u00f6nnen die wundersch\u00f6nen Neugeborenenfotos nat\u00fcrlich auch sehr gut an die Gro\u00dfeltern und die restliche Familie verschenkt werden.<\/p>\n<p style=\"text-align: justify;\">Die Fotografen der Vereinigung professioneller Kinderfotografen sind auch bei der Babyfotografie absolute Experten. So nat\u00fcrlich auch unsere Kinderfotografen in Paderborn, B\u00fcnde, Hannover, Salzkotten und Bielefeld. In einer entspannten Atmosph\u00e4re und mit wundervollen Hintergr\u00fcnden, zauberhaften Accessoires und viel Einf\u00fchlungsverm\u00f6gen, entstehen ganz individuelle Aufnahmen von Ihrem Baby. Lassen Sie sich von kreativen Ideen der Kinderfotografen \u00fcberraschen oder bringen Sie Ihre eigenen Vorschl\u00e4ge ein. So lassen sich einzigartige Babyfotos erschaffen, an denen man sein Leben lang Freude haben wird.<\/p>\n<p style=\"text-align: justify;\">Ob bei Ihnen zu Hause, in Ihrem Garten, im Atelier oder an einem anderen Ort. Den Kinderfotografen aus B\u00fcnde, Hannover, Salzkotten, Bielefeld und Paderborn mangelt es nicht an ausreichender Kreativit\u00e4t, um an jedem &#8211; noch so ungew\u00f6hnlichen &#8211; Ort einzigartige Aufnahmen von Ihrem Kind zu machen. Beim Schaukeln in der Reifenschaukel oder im Baumhaus, jedes Foto wird ebenso einzigartig sein, wie der Moment in dem das Kinderfoto gemacht wurde.<\/p>\n<p>&nbsp;<\/p>\n<p>&nbsp;<\/p>\n<p><img decoding=\"async\" id=\"pp-grid-article_1400145185\" class=\"pp-grid-placeholder pp-grid-type-selected_articles\" style=\"display: none;\" src=\"http:\/\/prophoto.s3.amazonaws.com\/img\/pp-grid-placeholder-selected_articles.jpg\" alt=\"\" \/><\/p>\n","protected":false},"excerpt":{"rendered":"<p>Von einem Augenblick auf den anderen ver\u00e4ndert sich das ganze Leben auf eine wunderbare Weise. Mit der Neugeborenenfotografie in Paderborn, B\u00fcnde, Hannover, Salzkotten sowie in Bielefeld k\u00f6nnen Sie ein St\u00fcck von diesem Gl\u00fcck f\u00fcr immer festhalten. Winzig klein, trotzdem perfekt und vollkommen und f\u00fcr Mama und Papa einfach das Gr\u00f6\u00dfte! Und da nicht nur Mama...<\/p>\n","protected":false},"author":1,"featured_media":0,"parent":0,"menu_order":0,"comment_status":"closed","ping_status":"closed","template":"","meta":{"pp_embeds":""},"acf":[],"_links":{"self":[{"href":"https:\/\/vereinigung-professioneller-kinderfotografen.de\/blog2\/wp-json\/wp\/v2\/pages\/4265"}],"collection":[{"href":"https:\/\/vereinigung-professioneller-kinderfotografen.de\/blog2\/wp-json\/wp\/v2\/pages"}],"about":[{"href":"https:\/\/vereinigung-professioneller-kinderfotografen.de\/blog2\/wp-json\/wp\/v2\/types\/page"}],"author":[{"embeddable":true,"href":"https:\/\/vereinigung-professioneller-kinderfotografen.de\/blog2\/wp-json\/wp\/v2\/users\/1"}],"replies":[{"embeddable":true,"href":"https:\/\/vereinigung-professioneller-kinderfotografen.de\/blog2\/wp-json\/wp\/v2\/comments?post=4265"}],"version-history":[{"count":5,"href":"https:\/\/vereinigung-professioneller-kinderfotografen.de\/blog2\/wp-json\/wp\/v2\/pages\/4265\/revisions"}],"predecessor-version":[{"id":16570,"href":"https:\/\/vereinigung-professioneller-kinderfotografen.de\/blog2\/wp-json\/wp\/v2\/pages\/4265\/revisions\/16570"}],"wp:attachment":[{"href":"https:\/\/vereinigung-professioneller-kinderfotografen.de\/blog2\/wp-json\/wp\/v2\/media?parent=4265"}],"curies":[{"name":"wp","href":"https:\/\/api.w.org\/{rel}","templated":true}]}}