{"id":4263,"date":"2014-05-15T11:04:48","date_gmt":"2014-05-15T09:04:48","guid":{"rendered":"http:\/\/vereinigung-professioneller-kinderfotografen.de\/blog2\/?page_id=4263"},"modified":"2022-01-07T23:37:28","modified_gmt":"2022-01-07T21:37:28","slug":"babyfotos-kinderfotos-berlin","status":"publish","type":"page","link":"https:\/\/vereinigung-professioneller-kinderfotografen.de\/blog2\/babyfotos-kinderfotos-berlin\/","title":{"rendered":"PLZ-Bereich 1"},"content":{"rendered":"<p style=\"text-align: justify;\">Die ersten Babyfotos von einem neugeborenen Baby haben immer einen ganz eigenen Zauber. Diesen Zauber immer wieder aufs Neue einzufangen ist f\u00fcr die Babyfotografen Potsdam und Berlin jedes Mal eine Herausforderung. Die Neugeborenenfotografie ist eine der zauberhaftesten und bewegenden Aufgaben f\u00fcr einen Fotografen.<\/p>\n<p style=\"text-align: justify;\">Das spannende an der Babyfotografie ist eigentlich, dass nichts wirklich planbar ist. Die kleinen Damen und Herren haben schon ihren eigenen Kopf und wissen ziemlich genau, was ihnen gef\u00e4llt oder nicht. Sich in k\u00fcrzester Zeit, immer wieder auf eine neue Situation einstellen zu k\u00f6nnen, zeichnet die Fotografen der Vereinigung professioneller Kinderfotografen aus. Darauf k\u00f6nnen Sie sich auch bei unseren Kinderfotografen in Berlin und in Potsdam verlassen.<\/p>\n<p style=\"text-align: justify;\">Die Babyfotografen aus Potsdam, ebenso wie die Fotografen aus Berlin, sind auch bei der Kinderfotografie genauso flexibel wie in allen anderen Bereichen. Ob bei Ihnen vor Ort, im Studio oder an einem anderen Platz. Sie werden einmalige Momentaufnahmen ihres Kindes erhalten!<\/p>\n<p>&nbsp;<\/p>\n<p><img decoding=\"async\" id=\"pp-grid-article_1400144653\" class=\"pp-grid-placeholder pp-grid-type-selected_articles\" style=\"display: none;\" src=\"http:\/\/prophoto.s3.amazonaws.com\/img\/pp-grid-placeholder-selected_articles.jpg\" alt=\"\" \/><\/p>\n","protected":false},"excerpt":{"rendered":"<p>Die ersten Babyfotos von einem neugeborenen Baby haben immer einen ganz eigenen Zauber. Diesen Zauber immer wieder aufs Neue einzufangen ist f\u00fcr die Babyfotografen Potsdam und Berlin jedes Mal eine Herausforderung. Die Neugeborenenfotografie ist eine der zauberhaftesten und bewegenden Aufgaben f\u00fcr einen Fotografen. Das spannende an der Babyfotografie ist eigentlich, dass nichts wirklich planbar ist....<\/p>\n","protected":false},"author":1,"featured_media":0,"parent":0,"menu_order":0,"comment_status":"closed","ping_status":"closed","template":"","meta":{"pp_embeds":""},"acf":[],"_links":{"self":[{"href":"https:\/\/vereinigung-professioneller-kinderfotografen.de\/blog2\/wp-json\/wp\/v2\/pages\/4263"}],"collection":[{"href":"https:\/\/vereinigung-professioneller-kinderfotografen.de\/blog2\/wp-json\/wp\/v2\/pages"}],"about":[{"href":"https:\/\/vereinigung-professioneller-kinderfotografen.de\/blog2\/wp-json\/wp\/v2\/types\/page"}],"author":[{"embeddable":true,"href":"https:\/\/vereinigung-professioneller-kinderfotografen.de\/blog2\/wp-json\/wp\/v2\/users\/1"}],"replies":[{"embeddable":true,"href":"https:\/\/vereinigung-professioneller-kinderfotografen.de\/blog2\/wp-json\/wp\/v2\/comments?post=4263"}],"version-history":[{"count":6,"href":"https:\/\/vereinigung-professioneller-kinderfotografen.de\/blog2\/wp-json\/wp\/v2\/pages\/4263\/revisions"}],"predecessor-version":[{"id":16568,"href":"https:\/\/vereinigung-professioneller-kinderfotografen.de\/blog2\/wp-json\/wp\/v2\/pages\/4263\/revisions\/16568"}],"wp:attachment":[{"href":"https:\/\/vereinigung-professioneller-kinderfotografen.de\/blog2\/wp-json\/wp\/v2\/media?parent=4263"}],"curies":[{"name":"wp","href":"https:\/\/api.w.org\/{rel}","templated":true}]}}