{"id":4257,"date":"2014-05-15T10:59:34","date_gmt":"2014-05-15T08:59:34","guid":{"rendered":"http:\/\/vereinigung-professioneller-kinderfotografen.de\/blog2\/?page_id=4257"},"modified":"2022-01-13T19:54:50","modified_gmt":"2022-01-13T17:54:50","slug":"babyfotos-kinderfotos-leipzig","status":"publish","type":"page","link":"https:\/\/vereinigung-professioneller-kinderfotografen.de\/blog2\/babyfotos-kinderfotos-leipzig\/","title":{"rendered":"PLZ-Bereich 0"},"content":{"rendered":"<p style=\"text-align: justify;\">Neugeborenenfotografie hei\u00dft f\u00fcr die Babyfotografen nicht, Standardaufnahmen von Ihrem Baby zu machen, sondern ganz individuelle Erinnerungen zu schaffen, \u00fcber die Sie sich auch nach Jahren noch freuen. Zauberhafte Hintergr\u00fcnde und liebevoll ausgesuchte Accessoires machen jedes Bild zu einem Kunstwerk und auch zu einem perfekten Geschenk f\u00fcr alle frisch gebackenen Gro\u00dfeltern und anderen Familienmitglieder.<\/p>\n<p style=\"text-align: justify;\">Nat\u00fcrlich bieten unsere Kinderfotografen aus Leipzig und Umgebung nicht nur Neugeborenenfotos an, sondern auch Aufnahmen von Babys. Wenn die Babyfotografie eins garantiert, dann sind es jede Menge \u00dcberraschungen! Die Fotografen aus Leipzig und Oelsnitz stellen sich jeder Herausforderung, auch wenn das Modell vielleicht mal einen schlechten Tag hat. Mit viel Geduld und in einer entspannten Atmosph\u00e4re entstehen wundervolle Erinnerungsfotos von Ihrem Baby.<\/p>\n<p style=\"text-align: justify;\">Individuelle Fotos, die nicht nur einzigartig, sondern auch nat\u00fcrlich sein sollen gew\u00fcnscht? Bei der Kinderfotografie k\u00f6nnen nicht nur die Babyfotografen aus Oelsnitz und Leipzig ihre Kreativit\u00e4t zeigen, sondern auch die Kinder! Ein Shooting verspricht nicht nur tolle Babyfotos, sondern auch jede Menge Spa\u00df und Action. Optimale Voraussetzung f\u00fcr ein Kinderfotoshooting also.<\/p>\n<p>&nbsp;<\/p>\n<p>&nbsp;<\/p>\n<p><img decoding=\"async\" id=\"pp-grid-article_1400144329\" class=\"pp-grid-placeholder pp-grid-type-selected_articles\" style=\"display: none;\" src=\"http:\/\/prophoto.s3.amazonaws.com\/img\/pp-grid-placeholder-selected_articles.jpg\" alt=\"\" \/><\/p>\n","protected":false},"excerpt":{"rendered":"<p>Neugeborenenfotografie hei\u00dft f\u00fcr die Babyfotografen nicht, Standardaufnahmen von Ihrem Baby zu machen, sondern ganz individuelle Erinnerungen zu schaffen, \u00fcber die Sie sich auch nach Jahren noch freuen. Zauberhafte Hintergr\u00fcnde und liebevoll ausgesuchte Accessoires machen jedes Bild zu einem Kunstwerk und auch zu einem perfekten Geschenk f\u00fcr alle frisch gebackenen Gro\u00dfeltern und anderen Familienmitglieder. Nat\u00fcrlich bieten...<\/p>\n","protected":false},"author":1,"featured_media":0,"parent":0,"menu_order":0,"comment_status":"closed","ping_status":"closed","template":"","meta":{"pp_embeds":""},"acf":[],"_links":{"self":[{"href":"https:\/\/vereinigung-professioneller-kinderfotografen.de\/blog2\/wp-json\/wp\/v2\/pages\/4257"}],"collection":[{"href":"https:\/\/vereinigung-professioneller-kinderfotografen.de\/blog2\/wp-json\/wp\/v2\/pages"}],"about":[{"href":"https:\/\/vereinigung-professioneller-kinderfotografen.de\/blog2\/wp-json\/wp\/v2\/types\/page"}],"author":[{"embeddable":true,"href":"https:\/\/vereinigung-professioneller-kinderfotografen.de\/blog2\/wp-json\/wp\/v2\/users\/1"}],"replies":[{"embeddable":true,"href":"https:\/\/vereinigung-professioneller-kinderfotografen.de\/blog2\/wp-json\/wp\/v2\/comments?post=4257"}],"version-history":[{"count":9,"href":"https:\/\/vereinigung-professioneller-kinderfotografen.de\/blog2\/wp-json\/wp\/v2\/pages\/4257\/revisions"}],"predecessor-version":[{"id":16567,"href":"https:\/\/vereinigung-professioneller-kinderfotografen.de\/blog2\/wp-json\/wp\/v2\/pages\/4257\/revisions\/16567"}],"wp:attachment":[{"href":"https:\/\/vereinigung-professioneller-kinderfotografen.de\/blog2\/wp-json\/wp\/v2\/media?parent=4257"}],"curies":[{"name":"wp","href":"https:\/\/api.w.org\/{rel}","templated":true}]}}