{"id":3792,"date":"2014-05-06T17:11:32","date_gmt":"2014-05-06T15:11:32","guid":{"rendered":"http:\/\/vereinigung-professioneller-kinderfotografen.de\/blog2\/?page_id=3792"},"modified":"2024-04-08T11:30:59","modified_gmt":"2024-04-08T09:30:59","slug":"babyfotograf-kinderfotograf-moenchengladbach-katharina-dresse","status":"publish","type":"page","link":"https:\/\/vereinigung-professioneller-kinderfotografen.de\/blog2\/babyfotograf-kinderfotograf-moenchengladbach-katharina-dresse\/","title":{"rendered":"41065 M\u00f6nchengladbach | Katharina Dressen Fotografie"},"content":{"rendered":"<p>&nbsp;<\/p>\n<h3><img decoding=\"async\" id=\"pp-slideshow-1399404522\" class=\"pp-slideshow-placeholder pp-gallery-placeholder slideshow-1399404522 mceItem\" style=\"display: none;\" src=\"https:\/\/vereinigung-professioneller-kinderfotografen.de\/blog2\/wp-content\/uploads\/pp\/placeholders\/slideshow-placeholder-1399404522.jpg\" \/><\/h3>\n<p>&nbsp;<\/p>\n<p><strong><img decoding=\"async\" loading=\"lazy\" class=\"wp-image-17336 alignleft\" src=\"https:\/\/vereinigung-professioneller-kinderfotografen.de\/blog2\/wp-content\/uploads\/2024\/04\/08-3792-page\/Katharina-Dressen-Fotografin-Babyfotografie-Neugeborenenfotografin-Babybauch-Schwanger-Baby-300x300.jpg\" alt=\"\" width=\"180\" height=\"180\" srcset=\"https:\/\/vereinigung-professioneller-kinderfotografen.de\/blog2\/wp-content\/uploads\/2024\/04\/08-3792-page\/Katharina-Dressen-Fotografin-Babyfotografie-Neugeborenenfotografin-Babybauch-Schwanger-Baby-300x300.jpg 300w, https:\/\/vereinigung-professioneller-kinderfotografen.de\/blog2\/wp-content\/uploads\/2024\/04\/08-3792-page\/Katharina-Dressen-Fotografin-Babyfotografie-Neugeborenenfotografin-Babybauch-Schwanger-Baby-150x150.jpg 150w, https:\/\/vereinigung-professioneller-kinderfotografen.de\/blog2\/wp-content\/uploads\/2024\/04\/08-3792-page\/Katharina-Dressen-Fotografin-Babyfotografie-Neugeborenenfotografin-Babybauch-Schwanger-Baby-50x50.jpg 50w, https:\/\/vereinigung-professioneller-kinderfotografen.de\/blog2\/wp-content\/uploads\/2024\/04\/08-3792-page\/Katharina-Dressen-Fotografin-Babyfotografie-Neugeborenenfotografin-Babybauch-Schwanger-Baby.jpg 450w\" sizes=\"(max-width: 180px) 100vw, 180px\" \/>Katharina Dressen Fotografie<br \/>\n<\/strong><\/p>\n<p>Rheinstr. 47<br \/>\n41065 M\u00f6nchengladbach<br \/>\nMobil: \u00a049 (0)\u00a01 72 29 08 316<br \/>\nE-Mail:\u00a0info@katharinadressen.de<\/p>\n<p><strong><a href=\"https:\/\/www.katharinadressen.de\" target=\"_blank\" rel=\"noopener\">www.katharinadressen.de<\/a><\/strong><\/p>\n<p>Katharina Dressen, kurz Katta genannt, wurde im Sommer 1972 in Berlin geboren. Die geb\u00fcrtige Berlinerin befasste sich schon in Kindertagen mit k\u00fcnstlerischen Dingen und f\u00fchrt diese Leidenschaft bis heute fort. Katharina, die selbst zwei kleine Kinder hat, arbeitet heute als selbstst\u00e4ndige Fotografin mit eigenem Fotostudio in M\u00f6nchengladbach. Kunden aus der Umgebung k\u00f6nnen sich besonders freuen, denn bei Katharina Dressen erhalten sie individuelle Aufnahmen, die sowohl wundervolle Geschenke als auch einzigartige Erinnerungen sind.<\/p>\n<p style=\"text-align: justify;\">Interessierte Kunden k\u00f6nnen Katharina Dressen in ihrem eigenen Tageslichtstudio in M\u00f6nchengladbach besuchen oder Katharina f\u00fcr ein Fotoshooting im Freien buchen. Besonders bei der Neugeborenenfotografie, die einen Teilbereich Katharinas Arbeit darstellt, setzt die talentierte Fotografin auf die Nutzung von nat\u00fcrlichem Tageslicht. Um die Aufnahmen derart sch\u00f6n zu gestalten, verwendet Katharina vor allem edle, liebevoll ausgesuchte Accessoires wie Stoffe, Decken, K\u00f6rbe, Blumen und vieles mehr. Die Elemente werden optimal an das kleine Modell angepasst, sodass ganz individuelle Bilder entstehen, die das Wesen des Kindes perfekt in Szene setzen.<\/p>\n<p style=\"text-align: justify;\">Katharina Dressen fotografiert aber nicht nur im eigenen Studio. Besonders f\u00fcr die Familien- und Kinderfotografie sowie f\u00fcr wundervolle Babybauchfotos trifft sich die Fotografin mit ihren Kunden auch gerne au\u00dferhalb des Studios. Au\u00dferdem begleitet Katharina Hochzeitspaare bei den Vorbereitungen und den Feierlichkeiten ihrer Hochzeit und h\u00e4lt die sch\u00f6nsten Momente dieses besonderen Tages in Bildern fest.<\/p>\n<h3><span style=\"color: #808080;\">mehr Fotos von Katharina Dressen k\u00f6nnen Sie\u00a0<span style=\"color: #000000;\"><em><strong><a href=\"http:\/\/vereinigung-professioneller-kinderfotografen.de\/blog2\/category\/blog\/katharina-dressen\/\"><span style=\"color: #000000;\">hier<\/span><\/a><\/strong>\u00a0<\/em><\/span>sehen<\/span><\/h3>\n","protected":false},"excerpt":{"rendered":"<p>&nbsp; &nbsp; Katharina Dressen Fotografie Rheinstr. 47 41065 M\u00f6nchengladbach Mobil: \u00a049 (0)\u00a01 72 29 08 316 E-Mail:\u00a0info@katharinadressen.de www.katharinadressen.de Katharina Dressen, kurz Katta genannt, wurde im Sommer 1972 in Berlin geboren. Die geb\u00fcrtige Berlinerin befasste sich schon in Kindertagen mit k\u00fcnstlerischen Dingen und f\u00fchrt diese Leidenschaft bis heute fort. Katharina, die selbst zwei kleine Kinder hat,...<\/p>\n","protected":false},"author":1,"featured_media":17322,"parent":0,"menu_order":0,"comment_status":"closed","ping_status":"closed","template":"","meta":{"pp_embeds":""},"acf":[],"_links":{"self":[{"href":"https:\/\/vereinigung-professioneller-kinderfotografen.de\/blog2\/wp-json\/wp\/v2\/pages\/3792"}],"collection":[{"href":"https:\/\/vereinigung-professioneller-kinderfotografen.de\/blog2\/wp-json\/wp\/v2\/pages"}],"about":[{"href":"https:\/\/vereinigung-professioneller-kinderfotografen.de\/blog2\/wp-json\/wp\/v2\/types\/page"}],"author":[{"embeddable":true,"href":"https:\/\/vereinigung-professioneller-kinderfotografen.de\/blog2\/wp-json\/wp\/v2\/users\/1"}],"replies":[{"embeddable":true,"href":"https:\/\/vereinigung-professioneller-kinderfotografen.de\/blog2\/wp-json\/wp\/v2\/comments?post=3792"}],"version-history":[{"count":13,"href":"https:\/\/vereinigung-professioneller-kinderfotografen.de\/blog2\/wp-json\/wp\/v2\/pages\/3792\/revisions"}],"predecessor-version":[{"id":17338,"href":"https:\/\/vereinigung-professioneller-kinderfotografen.de\/blog2\/wp-json\/wp\/v2\/pages\/3792\/revisions\/17338"}],"wp:featuredmedia":[{"embeddable":true,"href":"https:\/\/vereinigung-professioneller-kinderfotografen.de\/blog2\/wp-json\/wp\/v2\/media\/17322"}],"wp:attachment":[{"href":"https:\/\/vereinigung-professioneller-kinderfotografen.de\/blog2\/wp-json\/wp\/v2\/media?parent=3792"}],"curies":[{"name":"wp","href":"https:\/\/api.w.org\/{rel}","templated":true}]}}