{"id":184,"date":"2012-03-28T19:21:00","date_gmt":"2012-03-28T19:21:00","guid":{"rendered":"http:\/\/vereinigung-professioneller-kinderfotografen.de\/blog2\/?page_id=184"},"modified":"2014-05-12T16:23:36","modified_gmt":"2014-05-12T14:23:36","slug":"home","status":"publish","type":"page","link":"https:\/\/vereinigung-professioneller-kinderfotografen.de\/blog2\/","title":{"rendered":"Home"},"content":{"rendered":"<p style=\"text-align: center;\"><img decoding=\"async\" id=\"pp-grid-article_1399283970\" class=\"pp-grid-placeholder pp-grid-type-custom\" style=\"display: none;\" src=\"http:\/\/prophoto.s3.amazonaws.com\/img\/pp-grid-placeholder-custom.jpg\" alt=\"\" \/><\/p>\n<p style=\"text-align: center;\">Auf der Suche nach einem Kinder- und Babyfotografen, bietet sich Familien gerade im Internet eine Vielzahl an Fotostudios, Bildk\u00fcnstlern und Fotodesignern,\u00a0die alle mehr oder weniger spezialisiert sind auf den Umgang mit unseren Kleinsten.<\/p>\n<p style=\"text-align: center;\">\nDie Vereinigung Professioneller Kinderfotografen ist ein Zusammenschluss versierter Fotografen, die alle im Bereich Baby- und Kinderfotografie spezialisiert sind\u00a0und einen hohen Anspruch an ihre Fotografie teilen.<\/p>\n<p style=\"text-align: center;\">\nWir m\u00f6chten Familien einladen zu st\u00f6bern, zu schmunzeln und dahin zu schmelzen, auf der Suche nach dem f\u00fcr sie richtigen Fotografen.<\/p>\n<p style=\"text-align: center;\">Vereinigung Professioneller Kinderfotografen<\/p>\n","protected":false},"excerpt":{"rendered":"<p>Auf der Suche nach einem Kinder- und Babyfotografen, bietet sich Familien gerade im Internet eine Vielzahl an Fotostudios, Bildk\u00fcnstlern und Fotodesignern,\u00a0die alle mehr oder weniger spezialisiert sind auf den Umgang mit unseren Kleinsten. Die Vereinigung Professioneller Kinderfotografen ist ein Zusammenschluss versierter Fotografen, die alle im Bereich Baby- und Kinderfotografie spezialisiert sind\u00a0und einen hohen Anspruch an...<\/p>\n","protected":false},"author":1,"featured_media":0,"parent":0,"menu_order":0,"comment_status":"closed","ping_status":"closed","template":"","meta":{"pp_embeds":""},"acf":[],"_links":{"self":[{"href":"https:\/\/vereinigung-professioneller-kinderfotografen.de\/blog2\/wp-json\/wp\/v2\/pages\/184"}],"collection":[{"href":"https:\/\/vereinigung-professioneller-kinderfotografen.de\/blog2\/wp-json\/wp\/v2\/pages"}],"about":[{"href":"https:\/\/vereinigung-professioneller-kinderfotografen.de\/blog2\/wp-json\/wp\/v2\/types\/page"}],"author":[{"embeddable":true,"href":"https:\/\/vereinigung-professioneller-kinderfotografen.de\/blog2\/wp-json\/wp\/v2\/users\/1"}],"replies":[{"embeddable":true,"href":"https:\/\/vereinigung-professioneller-kinderfotografen.de\/blog2\/wp-json\/wp\/v2\/comments?post=184"}],"version-history":[{"count":60,"href":"https:\/\/vereinigung-professioneller-kinderfotografen.de\/blog2\/wp-json\/wp\/v2\/pages\/184\/revisions"}],"predecessor-version":[{"id":4206,"href":"https:\/\/vereinigung-professioneller-kinderfotografen.de\/blog2\/wp-json\/wp\/v2\/pages\/184\/revisions\/4206"}],"wp:attachment":[{"href":"https:\/\/vereinigung-professioneller-kinderfotografen.de\/blog2\/wp-json\/wp\/v2\/media?parent=184"}],"curies":[{"name":"wp","href":"https:\/\/api.w.org\/{rel}","templated":true}]}}