{"id":17256,"date":"2024-04-05T10:14:45","date_gmt":"2024-04-05T08:14:45","guid":{"rendered":"https:\/\/vereinigung-professioneller-kinderfotografen.de\/blog2\/?page_id=17256"},"modified":"2024-04-05T10:16:41","modified_gmt":"2024-04-05T08:16:41","slug":"55452-guldental-das-kleine-fotozimmer","status":"publish","type":"page","link":"https:\/\/vereinigung-professioneller-kinderfotografen.de\/blog2\/55452-guldental-das-kleine-fotozimmer\/","title":{"rendered":"55452 Guldental | Das kleine Fotozimmer"},"content":{"rendered":"<p>&nbsp;<\/p>\n[pp_gallery id=\"17257\" style-id=\"be2883b1-f708-429d-89cb-e20eed8c052b\"]\n<h3><\/h3>\n<h3><\/h3>\n<p><img decoding=\"async\" loading=\"lazy\" class=\"alignleft wp-image-17273\" src=\"https:\/\/vereinigung-professioneller-kinderfotografen.de\/blog2\/wp-content\/uploads\/2024\/04\/05-17257-pp_gallery\/daskleineFotozimmer-16-e1712304541784-300x300.jpg\" alt=\"\" width=\"180\" height=\"180\" srcset=\"https:\/\/vereinigung-professioneller-kinderfotografen.de\/blog2\/wp-content\/uploads\/2024\/04\/05-17257-pp_gallery\/daskleineFotozimmer-16-e1712304541784-300x300.jpg 300w, https:\/\/vereinigung-professioneller-kinderfotografen.de\/blog2\/wp-content\/uploads\/2024\/04\/05-17257-pp_gallery\/daskleineFotozimmer-16-e1712304541784-150x150.jpg 150w, https:\/\/vereinigung-professioneller-kinderfotografen.de\/blog2\/wp-content\/uploads\/2024\/04\/05-17257-pp_gallery\/daskleineFotozimmer-16-e1712304541784-50x50.jpg 50w, https:\/\/vereinigung-professioneller-kinderfotografen.de\/blog2\/wp-content\/uploads\/2024\/04\/05-17257-pp_gallery\/daskleineFotozimmer-16-e1712304541784.jpg 332w\" sizes=\"(max-width: 180px) 100vw, 180px\" \/><\/p>\n<p><strong>Das kleine Fotozimmer &#8211; Alexandra Kersten-Spengler<br \/>\n<\/strong><\/p>\n<p>Pfarriusstr. 2<br \/>\n55452 Guldental<br \/>\nMobil: \u00a049 (0) 1 71 21 07 379<br \/>\nE-Mail: das-kleine-Fotozimmer@t-online.de<\/p>\n<p><strong><a href=\"https:\/\/das-kleine-fotozimmer.de\" target=\"_blank\" rel=\"noopener\">www.das-kleine-fotozimmer.de<\/a><\/strong><\/p>\n<p>Kunden im Kreis Mainz bis Koblenz, die ein echtes Erlebnis im liebevoll eingerichteten Shootinghaus in Guldental mit verschiedenen Themenzimmern suchen, sind hier bei Alexandra genau richtig. Es ist ihr sehr wichtig, das jedes Shooting zu einem echten Erlebnis wird.<\/p>\n<p>Hier werden echte Emotionen in Bildern f\u00fcr die Ewigkeit festgehalten. Angefangen von den Babyb\u00e4uchen, die sowohl im\u00a0 Shootinghaus, als auch in der wundersch\u00f6nen umliegenden Natur in Szene gesetzt werden. Auf Wunsch begleitet euch Alexandra auch fotografisch w\u00e4hrend der Geburt.<\/p>\n<p>Um Kleidung m\u00fcsst ihr euch keine Sorgen machen, es steht eine komplette Shootinggarderobe f\u00fcr die komplette Familie zur Verf\u00fcgung.<\/p>\n<p>Von einer Bohoschaukel bis hin zu einem liebevoll eingerichteten Gew\u00e4chshaus oder einer Milchbadewanne bleiben keine W\u00fcnsche offen.<\/p>\n<p>Alexandra legt gro\u00dfen Wert auf nat\u00fcrliche Fotos in warmen T\u00f6nen.<\/p>\n<p>Schon kurze Zeit sp\u00e4ter bietet sie einzigartige Neugeborenenbilder an. Da sie auch hier gro\u00dfen Wert auf naturgetreue, warme Bilder legt, werden die meisten kleinen Babym\u00f6bel von ihrem Mann selbst gebaut.<\/p>\n<p>Auch werden wundersch\u00f6ne Wald-Erlebnisfotos f\u00fcr die ganze Familie angeboten. Nat\u00fcrlich werden auch hier alle auf Wunsch in dem einzigartigen Stil der nat\u00fcrlich, warmen Farben eingekleidet.<\/p>\n<p>Die Familien kommen als Fremde und gehen als Freunde; dies ist das Ergebnis der liebevoll, geduldigen Art, die Alexandra ihren Kunden entgegenbringt. Die Kunden sind gl\u00fccklich und kommen immer wieder gerne zu den n\u00e4chsten Meilensteinen.<\/p>\n","protected":false},"excerpt":{"rendered":"<p>&nbsp; Das kleine Fotozimmer &#8211; Alexandra Kersten-Spengler Pfarriusstr. 2 55452 Guldental Mobil: \u00a049 (0) 1 71 21 07 379 E-Mail: das-kleine-Fotozimmer@t-online.de www.das-kleine-fotozimmer.de Kunden im Kreis Mainz bis Koblenz, die ein echtes Erlebnis im liebevoll eingerichteten Shootinghaus in Guldental mit verschiedenen Themenzimmern suchen, sind hier bei Alexandra genau richtig. Es ist ihr sehr wichtig, das jedes...<\/p>\n","protected":false},"author":2,"featured_media":17263,"parent":0,"menu_order":0,"comment_status":"closed","ping_status":"closed","template":"","meta":{"pp_embeds":""},"acf":[],"_links":{"self":[{"href":"https:\/\/vereinigung-professioneller-kinderfotografen.de\/blog2\/wp-json\/wp\/v2\/pages\/17256"}],"collection":[{"href":"https:\/\/vereinigung-professioneller-kinderfotografen.de\/blog2\/wp-json\/wp\/v2\/pages"}],"about":[{"href":"https:\/\/vereinigung-professioneller-kinderfotografen.de\/blog2\/wp-json\/wp\/v2\/types\/page"}],"author":[{"embeddable":true,"href":"https:\/\/vereinigung-professioneller-kinderfotografen.de\/blog2\/wp-json\/wp\/v2\/users\/2"}],"replies":[{"embeddable":true,"href":"https:\/\/vereinigung-professioneller-kinderfotografen.de\/blog2\/wp-json\/wp\/v2\/comments?post=17256"}],"version-history":[{"count":7,"href":"https:\/\/vereinigung-professioneller-kinderfotografen.de\/blog2\/wp-json\/wp\/v2\/pages\/17256\/revisions"}],"predecessor-version":[{"id":17280,"href":"https:\/\/vereinigung-professioneller-kinderfotografen.de\/blog2\/wp-json\/wp\/v2\/pages\/17256\/revisions\/17280"}],"wp:featuredmedia":[{"embeddable":true,"href":"https:\/\/vereinigung-professioneller-kinderfotografen.de\/blog2\/wp-json\/wp\/v2\/media\/17263"}],"wp:attachment":[{"href":"https:\/\/vereinigung-professioneller-kinderfotografen.de\/blog2\/wp-json\/wp\/v2\/media?parent=17256"}],"curies":[{"name":"wp","href":"https:\/\/api.w.org\/{rel}","templated":true}]}}