{"id":15996,"date":"2021-01-19T19:39:57","date_gmt":"2021-01-19T17:39:57","guid":{"rendered":"https:\/\/vereinigung-professioneller-kinderfotografen.de\/blog2\/?page_id=15996"},"modified":"2026-01-22T17:03:11","modified_gmt":"2026-01-22T15:03:11","slug":"49453-rehden-daniela-wegener","status":"publish","type":"page","link":"https:\/\/vereinigung-professioneller-kinderfotografen.de\/blog2\/49453-rehden-daniela-wegener\/","title":{"rendered":"49453 Dickel | Buscherm\u00f6hle Fotografie &#8211; Daniela Wegener"},"content":{"rendered":"<h3 style=\"text-align: left;\"><img decoding=\"async\" id=\"pp-slideshow-1611077956\" class=\"pp-slideshow-placeholder pp-gallery-placeholder slideshow-1611077956 mceItem\" style=\"display: none;\" src=\"https:\/\/vereinigung-professioneller-kinderfotografen.de\/blog2\/wp-content\/uploads\/pp\/placeholders\/slideshow-placeholder-1611077956.jpg\" \/><\/h3>\n<h3 style=\"text-align: left;\"><\/h3>\n<p style=\"text-align: left;\">\n<p><img decoding=\"async\" loading=\"lazy\" class=\"alignleft wp-image-17469\" src=\"https:\/\/vereinigung-professioneller-kinderfotografen.de\/blog2\/wp-content\/uploads\/2026\/01\/22-15996-page\/Portrait_Daniela-Wegener_Buschermoehle-Fotografie-300x300.jpg\" alt=\"\" width=\"189\" height=\"189\" srcset=\"https:\/\/vereinigung-professioneller-kinderfotografen.de\/blog2\/wp-content\/uploads\/2026\/01\/22-15996-page\/Portrait_Daniela-Wegener_Buschermoehle-Fotografie-300x300.jpg 300w, https:\/\/vereinigung-professioneller-kinderfotografen.de\/blog2\/wp-content\/uploads\/2026\/01\/22-15996-page\/Portrait_Daniela-Wegener_Buschermoehle-Fotografie-150x150.jpg 150w, https:\/\/vereinigung-professioneller-kinderfotografen.de\/blog2\/wp-content\/uploads\/2026\/01\/22-15996-page\/Portrait_Daniela-Wegener_Buschermoehle-Fotografie-768x767.jpg 768w, https:\/\/vereinigung-professioneller-kinderfotografen.de\/blog2\/wp-content\/uploads\/2026\/01\/22-15996-page\/Portrait_Daniela-Wegener_Buschermoehle-Fotografie-50x50.jpg 50w, https:\/\/vereinigung-professioneller-kinderfotografen.de\/blog2\/wp-content\/uploads\/2026\/01\/22-15996-page\/Portrait_Daniela-Wegener_Buschermoehle-Fotografie.jpg 938w\" sizes=\"(max-width: 189px) 100vw, 189px\" \/><\/p>\n<p style=\"text-align: left;\"><strong>Buscherm\u00f6hle Fotografie &#8211; Daniela Wegener <\/strong><\/p>\n<p>In den Feldg\u00e4rten 4<br \/>\n49453 Dickel<br \/>\nMobile: +49 170 5 46 39 46<br \/>\nE-Mail: hello@buschermoehle.photography<\/p>\n<p style=\"text-align: left;\"><strong><span style=\"color: #000000;\"><a href=\"https:\/\/www.buschermoehle.photography\" target=\"_blank\" rel=\"noopener\"><span style=\"color: #000000;\">www.buschermoehle.photography <\/span><\/a><\/span><br \/>\n<\/strong><\/p>\n<p style=\"text-align: left;\">\n<p style=\"text-align: justify;\">Daniela Wegener (geborene Buscherm\u00f6hle) ist professionelle Fotografin f\u00fcr Schwangerschafts-, Baby- und Familienfotografie in Dickel bei Diepholz, einer l\u00e4ndlichen Region zwischen Bremen und Osnabr\u00fcck. Ihre Arbeit richtet sich an anspruchsvolle Kundinnen und Kunden, die Wert auf eine ruhige, durchdachte Arbeitsweise, \u00e4sthetische Bildsprache und hochwertige Ergebnisse legen.<br \/>\nFotografiert wird ausschlie\u00dflich im nat\u00fcrlichen Licht \u2013 entweder drau\u00dfen, bevorzugt in den ruhigen Stunden vor Sonnenuntergang, oder als Homestory im eigenen Zuhause. Diese bewusste Einschr\u00e4nkung schafft einen Rahmen, in dem N\u00e4he, Vertrauen und echte Momente entstehen k\u00f6nnen, ohne Inszenierung oder Zeitdruck.<br \/>\nIn der Schwangerschaftsfotografie liegt der Fokus auf dem besonderen \u00dcbergang \u2013 einer Phase, die leise und pers\u00f6nlich ist. Bei Babyshootings arbeitet Daniela Wegener entschleunigt und angepasst an den individuellen Rhythmus der Familie. Es geht nicht um Posen oder Perfektion, sondern um das festzuhalten, was diese erste Zeit als Familie ausmacht.<br \/>\nFamilien d\u00fcrfen in ihrer Arbeit lebendig sein: Kinder m\u00fcssen nicht funktionieren, Eltern nichts steuern. Durch zur\u00fcckhaltende Anleitung und aufmerksames Beobachten entstehen nat\u00fcrliche, verbindende Bilder.<br \/>\nDaniela Wegener nimmt bewusst nur eine begrenzte Anzahl an Shootings an. Zeit, Aufmerksamkeit und eine ruhige Atmosph\u00e4re sind zentrale Bestandteile ihrer Arbeitsweise. Neben der fotografischen Begleitung erhalten Kundinnen und Kunden die M\u00f6glichkeit, hochwertige Printwerke und exklusive Produkte zu erwerben \u2013 als bleibende Erinnerungen f\u00fcr sich selbst und die Menschen, die ihnen am n\u00e4chsten stehen.<br \/>\nIhre Fotografie ist reduziert, nat\u00fcrlich und auf das Wesentliche konzentriert: auf Menschen, Beziehungen und ehrliche Momente.<\/p>\n<h3><span style=\"color: #808080;\">mehr Fotos von Daniela Wegener k\u00f6nnen Sie\u00a0<span style=\"color: #000000;\"><em><strong><a href=\"http:\/\/vereinigung-professioneller-kinderfotografen.de\/blog2\/category\/blog\/daniela-wegener\/\"><span style=\"color: #000000;\">hier<\/span><\/a><\/strong>\u00a0<\/em><\/span>sehen<\/span><\/h3>\n","protected":false},"excerpt":{"rendered":"<p>Buscherm\u00f6hle Fotografie &#8211; Daniela Wegener In den Feldg\u00e4rten 4 49453 Dickel Mobile: +49 170 5 46 39 46 E-Mail: hello@buschermoehle.photography www.buschermoehle.photography Daniela Wegener (geborene Buscherm\u00f6hle) ist professionelle Fotografin f\u00fcr Schwangerschafts-, Baby- und Familienfotografie in Dickel bei Diepholz, einer l\u00e4ndlichen Region zwischen Bremen und Osnabr\u00fcck. Ihre Arbeit richtet sich an anspruchsvolle Kundinnen und Kunden, die Wert...<\/p>\n","protected":false},"author":1,"featured_media":16010,"parent":0,"menu_order":0,"comment_status":"closed","ping_status":"closed","template":"","meta":{"pp_embeds":""},"acf":[],"_links":{"self":[{"href":"https:\/\/vereinigung-professioneller-kinderfotografen.de\/blog2\/wp-json\/wp\/v2\/pages\/15996"}],"collection":[{"href":"https:\/\/vereinigung-professioneller-kinderfotografen.de\/blog2\/wp-json\/wp\/v2\/pages"}],"about":[{"href":"https:\/\/vereinigung-professioneller-kinderfotografen.de\/blog2\/wp-json\/wp\/v2\/types\/page"}],"author":[{"embeddable":true,"href":"https:\/\/vereinigung-professioneller-kinderfotografen.de\/blog2\/wp-json\/wp\/v2\/users\/1"}],"replies":[{"embeddable":true,"href":"https:\/\/vereinigung-professioneller-kinderfotografen.de\/blog2\/wp-json\/wp\/v2\/comments?post=15996"}],"version-history":[{"count":7,"href":"https:\/\/vereinigung-professioneller-kinderfotografen.de\/blog2\/wp-json\/wp\/v2\/pages\/15996\/revisions"}],"predecessor-version":[{"id":17465,"href":"https:\/\/vereinigung-professioneller-kinderfotografen.de\/blog2\/wp-json\/wp\/v2\/pages\/15996\/revisions\/17465"}],"wp:featuredmedia":[{"embeddable":true,"href":"https:\/\/vereinigung-professioneller-kinderfotografen.de\/blog2\/wp-json\/wp\/v2\/media\/16010"}],"wp:attachment":[{"href":"https:\/\/vereinigung-professioneller-kinderfotografen.de\/blog2\/wp-json\/wp\/v2\/media?parent=15996"}],"curies":[{"name":"wp","href":"https:\/\/api.w.org\/{rel}","templated":true}]}}