{"id":15328,"date":"2020-01-23T16:03:16","date_gmt":"2020-01-23T14:03:16","guid":{"rendered":"https:\/\/vereinigung-professioneller-kinderfotografen.de\/blog2\/?page_id=15328"},"modified":"2023-10-18T09:43:45","modified_gmt":"2023-10-18T07:43:45","slug":"04910-elsterwerda-stefanie-hartmann","status":"publish","type":"page","link":"https:\/\/vereinigung-professioneller-kinderfotografen.de\/blog2\/04910-elsterwerda-stefanie-hartmann\/","title":{"rendered":"04910 Elsterwerda | Stefanie Hartmann"},"content":{"rendered":"<h3 style=\"text-align: left;\"><img decoding=\"async\" id=\"pp-slideshow-1579788146\" class=\"pp-slideshow-placeholder pp-gallery-placeholder slideshow-1579788146 mceItem\" style=\"display: none;\" src=\"https:\/\/vereinigung-professioneller-kinderfotografen.de\/blog2\/wp-content\/uploads\/pp\/placeholders\/slideshow-placeholder-1579788146.jpg\" \/><\/h3>\n<h3 style=\"text-align: left;\"><\/h3>\n<p style=\"text-align: left;\"><img decoding=\"async\" loading=\"lazy\" class=\"wp-image-56 alignleft\" title=\"Julia\" src=\"https:\/\/vereinigung-professioneller-kinderfotografen.de\/blog2\/wp-content\/uploads\/2020\/01\/23-15328-page\/Steffi.jpg\" alt=\"\" width=\"180\" height=\"180\" \/><\/p>\n<p style=\"text-align: left;\"><strong>Stefanie Hartmann<\/strong><\/p>\n<p>Am Markt 8,<br \/>\n04910 Elsterwerda<br \/>\nMobile: 49 (0) 151 467 632 78<br \/>\nE-Mail:\u00a0 hallo@sweet-rosalie-photography.de<\/p>\n<p style=\"text-align: left;\"><strong><span style=\"color: #000000;\"><a href=\"https:\/\/www.sweet-rosalie-photography.de\" target=\"_blank\" rel=\"noopener\"><span style=\"color: #000000;\">www.sweet-rosalie-photography.de<\/span><\/a><\/span><\/strong><\/p>\n<p style=\"text-align: justify;\">Am Markt in Elsterwerda hat Steffi ihr neues, gem\u00fctliches Tageslichtatelier mit Vintage-Charme er\u00f6ffnet. Sowohl ihre kleinen als auch gro\u00dfen G\u00e4ste f\u00fchlen sich direkt wohl. Hier gibt es viel Licht f\u00fcr nat\u00fcrliche Fotos und Platz f\u00fcr einen gro\u00dfen Fundus an Accessoires und Requisiten. Die sind es n\u00e4mlich, die ein Sweet Rosalie Shooting besonders machen. Von zarten Kleidchen und frechen Schieberm\u00fctzen \u00fcber zauberhafte Babybauchkleider, Haarb\u00e4nder und -kr\u00e4nze bis hin zu hochwertigen Fotoprops ist an alles gedacht. Vor<br \/>\njedem Shooting bereitet Steffi verschiedene Sets mit vielen liebevollen kleinen Details vor und passt diese individuell auf die W\u00fcnsche ihrer Kunden an. So k\u00f6nnen wundersch\u00f6ne und einzigartige Bilder entstehen. Als Mutter einer Tochter wei\u00df sie auf die verschiedenen Bed\u00fcrfnisse der Kinder besonders einzugehen und plant f\u00fcr jedes Shooting ausreichend Zeit ein. Und falls es das Wetter zul\u00e4sst freut Steffi sich immer \u00fcber Outdoor-Ausfl\u00fcge in nahegelegene Parks, Spielpl\u00e4tze oder einen besonderen Lieblingsort ihrer Kunden.<\/p>\n<h3><span style=\"color: #808080;\">mehr Fotos von Stefanie Hartmann k\u00f6nnen Sie\u00a0<span style=\"color: #000000;\"><em><strong><a href=\"http:\/\/vereinigung-professioneller-kinderfotografen.de\/blog2\/category\/blog\/stefanie-hartmann\/\"><span style=\"color: #000000;\">hier<\/span><\/a><\/strong>\u00a0<\/em><\/span>sehen<\/span><\/h3>\n","protected":false},"excerpt":{"rendered":"<p>Stefanie Hartmann Am Markt 8, 04910 Elsterwerda Mobile: 49 (0) 151 467 632 78 E-Mail:\u00a0 hallo@sweet-rosalie-photography.de www.sweet-rosalie-photography.de Am Markt in Elsterwerda hat Steffi ihr neues, gem\u00fctliches Tageslichtatelier mit Vintage-Charme er\u00f6ffnet. Sowohl ihre kleinen als auch gro\u00dfen G\u00e4ste f\u00fchlen sich direkt wohl. Hier gibt es viel Licht f\u00fcr nat\u00fcrliche Fotos und Platz f\u00fcr einen gro\u00dfen Fundus...<\/p>\n","protected":false},"author":1,"featured_media":15331,"parent":0,"menu_order":0,"comment_status":"closed","ping_status":"closed","template":"","meta":{"pp_embeds":""},"acf":[],"_links":{"self":[{"href":"https:\/\/vereinigung-professioneller-kinderfotografen.de\/blog2\/wp-json\/wp\/v2\/pages\/15328"}],"collection":[{"href":"https:\/\/vereinigung-professioneller-kinderfotografen.de\/blog2\/wp-json\/wp\/v2\/pages"}],"about":[{"href":"https:\/\/vereinigung-professioneller-kinderfotografen.de\/blog2\/wp-json\/wp\/v2\/types\/page"}],"author":[{"embeddable":true,"href":"https:\/\/vereinigung-professioneller-kinderfotografen.de\/blog2\/wp-json\/wp\/v2\/users\/1"}],"replies":[{"embeddable":true,"href":"https:\/\/vereinigung-professioneller-kinderfotografen.de\/blog2\/wp-json\/wp\/v2\/comments?post=15328"}],"version-history":[{"count":4,"href":"https:\/\/vereinigung-professioneller-kinderfotografen.de\/blog2\/wp-json\/wp\/v2\/pages\/15328\/revisions"}],"predecessor-version":[{"id":17202,"href":"https:\/\/vereinigung-professioneller-kinderfotografen.de\/blog2\/wp-json\/wp\/v2\/pages\/15328\/revisions\/17202"}],"wp:featuredmedia":[{"embeddable":true,"href":"https:\/\/vereinigung-professioneller-kinderfotografen.de\/blog2\/wp-json\/wp\/v2\/media\/15331"}],"wp:attachment":[{"href":"https:\/\/vereinigung-professioneller-kinderfotografen.de\/blog2\/wp-json\/wp\/v2\/media?parent=15328"}],"curies":[{"name":"wp","href":"https:\/\/api.w.org\/{rel}","templated":true}]}}