{"id":15035,"date":"2019-11-27T21:03:29","date_gmt":"2019-11-27T19:03:29","guid":{"rendered":"https:\/\/vereinigung-professioneller-kinderfotografen.de\/blog2\/?page_id=15035"},"modified":"2023-01-16T19:29:41","modified_gmt":"2023-01-16T17:29:41","slug":"4704-niederbipp-sabrina-zueger-wysling","status":"publish","type":"page","link":"https:\/\/vereinigung-professioneller-kinderfotografen.de\/blog2\/4704-niederbipp-sabrina-zueger-wysling\/","title":{"rendered":"4704 Niederbipp | Sabrina Z\u00fcger &#8211; Wysling"},"content":{"rendered":"<h3 style=\"text-align: center;\"><img decoding=\"async\" id=\"pp-slideshow-1574877310\" class=\"pp-slideshow-placeholder pp-gallery-placeholder slideshow-1574877310 mceItem\" style=\"display: none;\" src=\"https:\/\/vereinigung-professioneller-kinderfotografen.de\/blog2\/wp-content\/uploads\/pp\/placeholders\/slideshow-placeholder-1574877310.jpg\" \/><\/h3>\n<h3 style=\"text-align: left;\"><\/h3>\n<p style=\"text-align: left;\"><img decoding=\"async\" loading=\"lazy\" class=\"wp-image-56 alignleft\" title=\"Sabrina\" src=\"https:\/\/vereinigung-professioneller-kinderfotografen.de\/blog2\/wp-content\/uploads\/2019\/11\/27-15035-page\/EA1D4074-CE51-4DE4-8903-A3B9E46C4011-L0-001-1.jpeg\" alt=\"\" width=\"180\" height=\"180\" \/><\/p>\n<p style=\"text-align: left;\"><strong>Sabrina Z\u00fcger &#8211; Wysling<\/strong><\/p>\n<p>Wydenstrasse 17<br \/>\n4704 Niederbipp<br \/>\nMobile: 49 (0) 79 551 41 14<br \/>\nE-Mail: info@engels-fotografie.ch<\/p>\n<p style=\"text-align: left;\"><strong><span style=\"color: #000000;\"><a href=\"http:\/\/www.engels-fotografie.ch\" target=\"_blank\" rel=\"noopener\"><span style=\"color: #000000;\">www.engels-fotografie.ch<\/span><\/a><\/span><\/strong><\/p>\n<p style=\"text-align: justify;\">Sabrina Z\u00fcger begann 2007 mit ihrer grossen Leidenschaft, der Fotografie.<br \/>\nVom ersten Tag an lag ihr Fokus dabei auf der Familien-Fotografie.<br \/>\nNat\u00fcrlichkeit, Spontanit\u00e4t und Bilder mit Tiefe zeichnen ihren Stil aus. Sabrina fotografiert mit viel Herzblut und Hingabe und bei ihr sind Familien in liebevollen, feinf\u00fchligen und erfahrenen H\u00e4nden.<\/p>\n<p>Sie lebt mir ihrem Mann und ihren vier Kindern in Niederbipp BE, wo sich auch ihr helles, freundliches Tageslichtstudio befindet.<br \/>\nDie Lage im Mittelland, mit dem direkten Anschluss an die Autobahn und nicht weit vom \u00f6ffentlichen Verkehr gelegen, erm\u00f6glicht es allen, Sabrina bequem zu erreichen.<br \/>\nDas Fotostudio ist optimal auf die Bed\u00fcrfnisse von Familien abgestimmt und erm\u00f6glicht Ihnen einen entspannten Aufenthalt f\u00fcr unvergessliche Momente.<\/p>\n<p>Die zentrale Lage des Fotostudio`s erm\u00f6glicht es aber auch, in k\u00fcrzerster Zeit an einer sch\u00f6nen Outdoor-Location zu sein wo Sabrina Ihre Familie ganz im Einklang mit der Natur und v\u00f6llig ungezwungen ablichtet.<\/p>\n<p>Mit viel Einf\u00fchlungsverm\u00f6gen, Geduld, und einem Qu\u00e4ntchen Magie h\u00e4lt Sie Augenblicke und Momente voller Emotionen und Liebe f\u00fcr Sie fest.<\/p>\n<h3><span style=\"color: #808080;\">mehr Fotos von Sabrina Z\u00fcger &#8211; Wysling k\u00f6nnen Sie\u00a0<span style=\"color: #000000;\"><em><strong><a href=\"http:\/\/vereinigung-professioneller-kinderfotografen.de\/blog2\/category\/blog\/sabrina-z\u00fcger-wysling\/\"><span style=\"color: #000000;\">hier<\/span><\/a><\/strong>\u00a0<\/em><\/span>sehen<\/span><\/h3>\n","protected":false},"excerpt":{"rendered":"<p>Sabrina Z\u00fcger &#8211; Wysling Wydenstrasse 17 4704 Niederbipp Mobile: 49 (0) 79 551 41 14 E-Mail: info@engels-fotografie.ch www.engels-fotografie.ch Sabrina Z\u00fcger begann 2007 mit ihrer grossen Leidenschaft, der Fotografie. Vom ersten Tag an lag ihr Fokus dabei auf der Familien-Fotografie. Nat\u00fcrlichkeit, Spontanit\u00e4t und Bilder mit Tiefe zeichnen ihren Stil aus. Sabrina fotografiert mit viel Herzblut und...<\/p>\n","protected":false},"author":1,"featured_media":15037,"parent":0,"menu_order":0,"comment_status":"closed","ping_status":"closed","template":"","meta":{"pp_embeds":""},"acf":[],"_links":{"self":[{"href":"https:\/\/vereinigung-professioneller-kinderfotografen.de\/blog2\/wp-json\/wp\/v2\/pages\/15035"}],"collection":[{"href":"https:\/\/vereinigung-professioneller-kinderfotografen.de\/blog2\/wp-json\/wp\/v2\/pages"}],"about":[{"href":"https:\/\/vereinigung-professioneller-kinderfotografen.de\/blog2\/wp-json\/wp\/v2\/types\/page"}],"author":[{"embeddable":true,"href":"https:\/\/vereinigung-professioneller-kinderfotografen.de\/blog2\/wp-json\/wp\/v2\/users\/1"}],"replies":[{"embeddable":true,"href":"https:\/\/vereinigung-professioneller-kinderfotografen.de\/blog2\/wp-json\/wp\/v2\/comments?post=15035"}],"version-history":[{"count":3,"href":"https:\/\/vereinigung-professioneller-kinderfotografen.de\/blog2\/wp-json\/wp\/v2\/pages\/15035\/revisions"}],"predecessor-version":[{"id":16974,"href":"https:\/\/vereinigung-professioneller-kinderfotografen.de\/blog2\/wp-json\/wp\/v2\/pages\/15035\/revisions\/16974"}],"wp:featuredmedia":[{"embeddable":true,"href":"https:\/\/vereinigung-professioneller-kinderfotografen.de\/blog2\/wp-json\/wp\/v2\/media\/15037"}],"wp:attachment":[{"href":"https:\/\/vereinigung-professioneller-kinderfotografen.de\/blog2\/wp-json\/wp\/v2\/media?parent=15035"}],"curies":[{"name":"wp","href":"https:\/\/api.w.org\/{rel}","templated":true}]}}