{"id":10524,"date":"2017-12-01T15:06:09","date_gmt":"2017-12-01T13:06:09","guid":{"rendered":"http:\/\/vereinigung-professioneller-kinderfotografen.de\/blog2\/?page_id=10524"},"modified":"2020-02-03T15:09:57","modified_gmt":"2020-02-03T13:09:57","slug":"08060-zwickau-daniela-rettke","status":"publish","type":"page","link":"https:\/\/vereinigung-professioneller-kinderfotografen.de\/blog2\/08060-zwickau-daniela-rettke\/","title":{"rendered":"08062 Zwickau | Daniela Rettke"},"content":{"rendered":"<h3 style=\"text-align: left;\"><img decoding=\"async\" id=\"pp-slideshow-1512133526\" class=\"pp-slideshow-placeholder pp-gallery-placeholder slideshow-1512133526 mceItem\" style=\"display: none;\" src=\"https:\/\/vereinigung-professioneller-kinderfotografen.de\/blog2\/wp-content\/uploads\/pp\/placeholders\/slideshow-placeholder-1512133526.jpg\" \/><\/h3>\n<h3 style=\"text-align: left;\"><\/h3>\n<p style=\"text-align: left;\"><img decoding=\"async\" loading=\"lazy\" class=\"wp-image-56 alignleft\" title=\"doreen\" src=\"https:\/\/vereinigung-professioneller-kinderfotografen.de\/blog2\/wp-content\/uploads\/2020\/02\/03-10524-page\/MKR_5526-Bearbeitet-2-Bearbeitet.jpg\" alt=\"\" width=\"180\" height=\"180\" \/><\/p>\n<p style=\"text-align: left;\"><strong>Daniela Rettke <\/strong><\/p>\n<p>Innere Zwickauer Stra\u00dfe 55<br \/>\n08062 Zwickau<br \/>\nMobile: 49 (0) 174 18 57 624<br \/>\nE-Mail: kontakt@lichtbildkuenstlerei.de<\/p>\n<p style=\"text-align: left;\"><a href=\"https:\/\/www.lichtbildkuenstlereistudios.de\" target=\"_blank\" rel=\"noopener\"><strong><span style=\"color: #000000;\"><span style=\"color: #000000;\">www.lichtbildkuenstlereistudios.de<\/span><\/span><\/strong><\/a><\/p>\n<div class=\"\">\n<p><span class=\"\"><span class=\"\">D<\/span><\/span>Daniela Rettke aus Zwickau liebt es, mit Bildern zum Tr\u00e4umen und Erinnern einzuladen.<\/p>\n<p>Dani ist gelernte Hebamme und so schafft sie vor allem f\u00fcr ihre Minimodels eine Atmosph\u00e4re von Sicherheit, Geborgenheit und Herzlichkeit.<\/p>\n<p>Da 2 Herzen in ihrer\u00a0Brust\u00a0schlagen, gibt es auch 2 verschiedene Fotoprojekte von ihr.<\/p>\n<p><strong>&#8222;Lichtbildkuenstlerei Fotografie&#8220;<\/strong> &#8211; Die Seite f\u00fcr inszenierte Neugeborenenfotografie im amerikanischen Stil, gestellte und perfekt bearbeitete Babyfotos, Fineart-, Schwangerschafts- und Familienfotos. Hier wird nichts dem Zufall \u00fcberlassen.<\/p>\n<p><strong>\u201eK\u00e4the liebt August\u201c<\/strong> ist ihr Herzensprojekt f\u00fcr nat\u00fcrliche Neugeborenen- &amp; Babyfotografie, Homestorys, Storytelling, Geburtsfotografie, sowie dokumentarische Lifestyle- &amp; Familienfotografie.\u00a0Hier m\u00f6chte sie nicht nur Bilder pr\u00e4sentieren &#8211; hier will sie mit euch in das echte Leben eintauchen, pures Gl\u00fcck &amp; Sonne sp\u00fcren und ungestellte Augenblicke voller Emotionen zeigen.<\/p>\n<p>Beide Linie findet ihr bei Lichtbildkuenstlerei Studios.<\/p>\n<p>An ihren eigenen drei Kindern erlebt Dani, wie schnell sie aufwachsen,\u00a0wie schnell sie sich ver\u00e4ndern und wie fr\u00f6hlich sie\u00a0durchs Leben gehen. Sie wei\u00df, dass es immer wieder wundersch\u00f6ne Momente und Emotionen gibt, die nie wiederkehren und die wir im Alltag leider manchmal vergessen. Mit ihrer Fotografie hat sie es sich zur Aufgabe gemacht, solche Erinnerungen f\u00fcr ihre Kunden einzufangen und festzuhalten. Dazu geh\u00f6rt auch ihre individuelle und liebevolle Bildbearbeitung. Diese verleiht den Fotos Charme und den typischen Stil von Lichtbildkuenstlerei. Die Bildsprache ist klar, vertr\u00e4umt und farbenfroh.<\/p>\n<p>Die Liebe, die Dani in jedes Shooting und ins Detail steckt und die Geschichten, die sie dadurch erz\u00e4hlen darf, machen ihre Kunden und sie gl\u00fccklich. \u201eF\u00fcr ein gutes Bild muss jeder ein Opfer bringen\u201c ist ihr Motto und dabei kann es auch schon mal vorkommen, dass Dani f\u00fcr ein einzigartiges Bild r\u00fcckw\u00e4rts in den See f\u00e4llt oder von wilden K\u00fchen \u00fcber die Wiese gescheucht wird.<\/p>\n<p>Denn da sind wir uns sicher alle einig: Das was bleibt, sind Erinnerungen und Bilder, die besondere Momente und Gef\u00fchle wieder leben lassen\u2026<\/p>\n<\/div>\n<h3><span style=\"color: #808080;\">mehr Fotos von Daniela Rettke k\u00f6nnen Sie\u00a0<span style=\"color: #000000;\"><em><strong><a href=\"http:\/\/vereinigung-professioneller-kinderfotografen.de\/blog2\/category\/blog\/daniela-rettke \/\"><span style=\"color: #000000;\">hier<\/span><\/a><\/strong>\u00a0<\/em><\/span>sehen<\/span><\/h3>\n","protected":false},"excerpt":{"rendered":"<p>Daniela Rettke Innere Zwickauer Stra\u00dfe 55 08062 Zwickau Mobile: 49 (0) 174 18 57 624 E-Mail: kontakt@lichtbildkuenstlerei.de www.lichtbildkuenstlereistudios.de DDaniela Rettke aus Zwickau liebt es, mit Bildern zum Tr\u00e4umen und Erinnern einzuladen. Dani ist gelernte Hebamme und so schafft sie vor allem f\u00fcr ihre Minimodels eine Atmosph\u00e4re von Sicherheit, Geborgenheit und Herzlichkeit. Da 2 Herzen in...<\/p>\n","protected":false},"author":1,"featured_media":15453,"parent":0,"menu_order":0,"comment_status":"closed","ping_status":"closed","template":"","meta":{"pp_embeds":""},"acf":[],"_links":{"self":[{"href":"https:\/\/vereinigung-professioneller-kinderfotografen.de\/blog2\/wp-json\/wp\/v2\/pages\/10524"}],"collection":[{"href":"https:\/\/vereinigung-professioneller-kinderfotografen.de\/blog2\/wp-json\/wp\/v2\/pages"}],"about":[{"href":"https:\/\/vereinigung-professioneller-kinderfotografen.de\/blog2\/wp-json\/wp\/v2\/types\/page"}],"author":[{"embeddable":true,"href":"https:\/\/vereinigung-professioneller-kinderfotografen.de\/blog2\/wp-json\/wp\/v2\/users\/1"}],"replies":[{"embeddable":true,"href":"https:\/\/vereinigung-professioneller-kinderfotografen.de\/blog2\/wp-json\/wp\/v2\/comments?post=10524"}],"version-history":[{"count":6,"href":"https:\/\/vereinigung-professioneller-kinderfotografen.de\/blog2\/wp-json\/wp\/v2\/pages\/10524\/revisions"}],"predecessor-version":[{"id":15466,"href":"https:\/\/vereinigung-professioneller-kinderfotografen.de\/blog2\/wp-json\/wp\/v2\/pages\/10524\/revisions\/15466"}],"wp:featuredmedia":[{"embeddable":true,"href":"https:\/\/vereinigung-professioneller-kinderfotografen.de\/blog2\/wp-json\/wp\/v2\/media\/15453"}],"wp:attachment":[{"href":"https:\/\/vereinigung-professioneller-kinderfotografen.de\/blog2\/wp-json\/wp\/v2\/media?parent=10524"}],"curies":[{"name":"wp","href":"https:\/\/api.w.org\/{rel}","templated":true}]}}